{"id":4583,"date":"2025-12-30T01:28:50","date_gmt":"2025-12-30T00:28:50","guid":{"rendered":"https:\/\/akhamani.org\/?post_type=product&#038;p=4583"},"modified":"2026-04-17T16:22:12","modified_gmt":"2026-04-17T14:22:12","slug":"einigendes-neues-ahnenfeuer-europa-event","status":"publish","type":"product","link":"https:\/\/akhamani.org\/fr\/produit\/einigendes-neues-ahnenfeuer-europa-event\/","title":{"rendered":"Entz\u00fcndung eines Einigenden Neuen Ahnenfeuers in Europa \u2014 Reservierungsanfrage"},"content":{"rendered":"<p>Weiterf\u00fchrende Informationen und Programm Details findest du hier: <a href=\"https:\/\/akhamani.org\/fr\/einigendes-neues-ahnenfeuer-europa\/\">Einigendes Neues Ahnenfeuer in Europa<\/a><\/p>","protected":false},"excerpt":{"rendered":"<p><!-- wp:paragraph --><\/p>\n<p><span style=\"font-weight: 400;\">Sei diesen Sommer zur Sommersonnenwende 2026 mit dabei, um in Europa ein neues, vereinigendes Ahnenfeuer zu entz\u00fcnden und Teil eines Ereignisses zu werden, das seit vielen Jahren nicht mehr stattgefunden hat. Erlebe einen heiligen Moment, der durch die Vereinigung der uralten Asche der verehrten Traditionen Nord- und S\u00fcdamerikas, Indiens, Nepals, Tibets und der Mongolei gepr\u00e4gt ist.<\/span><\/p>\n<p><span style=\"font-weight: 400;\">Sei Zeuge und feier mit uns, wie die Vereinende Neue Asche Europas sich mit den alten Aschen der Ahnen dieser Welt vereinen.<\/span><\/p>\n<p><span style=\"font-weight: 400;\">Indem wir als eine heilige Flamme zusammenstehen, w\u00fcrdigen wir unser vielf\u00e4ltiges kulturelles Erbe und feiern die universelle Essenz, die uns alle verbindet.<\/span><\/p>\n<p><span style=\"font-weight: 400;\">Wir danken allen Weisheitsh\u00fctern, die sich mit uns versammelt haben, um ein neues Kapitel kollektiven Erinnerns, Weisheit und Einheit zu entfachen.<\/span><\/p>\n<p><span style=\"font-weight: 400;\">Das Entz\u00fcnden des Einenden Neuen Feuers in Europa ist Akhamani\u2019s Versuch, ein Licht der Hoffnung dahin zu bringen, wo es bereits verloren scheint. Wir m\u00f6chten basierend auf der Weisheit unserer Vorfahren Samen des Bewusstseins s\u00e4en und die Kunst des Zusammenlebens in der Welt miteinander verbinden, basierend auf unseren gemeinsamen Werten von Mitgef\u00fchl, Weisheit und N\u00e4chstenliebe.<\/span><\/p>\n<p><strong>Diese Veranstaltung ist kostenfrei f\u00fcr alle, die gerne teilnehmen m\u00f6chten.<\/strong><\/p>\n<p><!-- \/wp:paragraph --> <!-- wp:paragraph --><\/p>\n<p><strong>Sprachen: <\/strong>English<strong><br \/>\n<\/strong><strong>Wann: <\/strong>18. &#8211; 21. Juni<strong><br \/>\n<\/strong><strong>Zeit: <\/strong>4-Tages Event<strong><br \/>\n<\/strong><strong>Wo: <\/strong>Alpen, bei Z\u00fcrich, Schweiz<\/p>\n<p><span style=\"color: #800080;\">Essen, Snacks, Getr\u00e4nke und Unterkunft sind nicht enthalten.<\/span><br \/>\nBitte plant selbstst\u00e4ndig f\u00fcr Getr\u00e4nke und Snacks w\u00e4hrend der Pausenzeiten.<\/p>\n<p>Kontaktiere uns unter <a href=\"mailto:events@akhamani.org\">events@akhamani.org<\/a>.<\/p>","protected":false},"featured_media":5192,"template":"","meta":{"_acf_changed":false,"pmpro_default_level":"","slim_seo":{"title":"Entz\u00fcndung eines Einigenden Neuen Ahnenfeuers in Europa \u2014 Reservierungsanfrage - Akhamani","description":"Sei diesen Sommer zur Sommersonnenwende 2026 mit dabei, um in Europa ein neues, vereinigendes Ahnenfeuer zu entz\u00fcnden und Teil eines Ereignisses zu werden, das"}},"product_brand":[],"product_cat":[56],"product_tag":[],"class_list":{"0":"post-4583","1":"product","2":"type-product","3":"status-publish","4":"has-post-thumbnail","6":"product_cat-akhamani-events-translation","7":"pmpro-has-access","9":"first","10":"instock","11":"featured","12":"virtual","13":"purchasable","14":"product-type-simple"},"acf":[],"_links":{"self":[{"href":"https:\/\/akhamani.org\/fr\/wp-json\/wp\/v2\/product\/4583","targetHints":{"allow":["GET"]}}],"collection":[{"href":"https:\/\/akhamani.org\/fr\/wp-json\/wp\/v2\/product"}],"about":[{"href":"https:\/\/akhamani.org\/fr\/wp-json\/wp\/v2\/types\/product"}],"wp:featuredmedia":[{"embeddable":true,"href":"https:\/\/akhamani.org\/fr\/wp-json\/wp\/v2\/media\/5192"}],"wp:attachment":[{"href":"https:\/\/akhamani.org\/fr\/wp-json\/wp\/v2\/media?parent=4583"}],"wp:term":[{"taxonomy":"product_brand","embeddable":true,"href":"https:\/\/akhamani.org\/fr\/wp-json\/wp\/v2\/product_brand?post=4583"},{"taxonomy":"product_cat","embeddable":true,"href":"https:\/\/akhamani.org\/fr\/wp-json\/wp\/v2\/product_cat?post=4583"},{"taxonomy":"product_tag","embeddable":true,"href":"https:\/\/akhamani.org\/fr\/wp-json\/wp\/v2\/product_tag?post=4583"}],"curies":[{"name":"wp","href":"https:\/\/api.w.org\/{rel}","templated":true}]}}