{"id":4572,"date":"2025-12-30T00:12:01","date_gmt":"2025-12-29T23:12:01","guid":{"rendered":"https:\/\/akhamani.org\/?post_type=product&#038;p=4572"},"modified":"2026-04-17T16:20:12","modified_gmt":"2026-04-17T14:20:12","slug":"fuego-nuevo-ancestral-europa-event","status":"publish","type":"product","link":"https:\/\/akhamani.org\/fr\/produit\/fuego-nuevo-ancestral-europa-event\/","title":{"rendered":"Encendido del Fuego Nuevo Ancestral Unificador en Europa \u2014 Solicitud de reserva"},"content":{"rendered":"<p>M\u00e1s informaci\u00f3n y detalles del programa aqu\u00ed: <a href=\"https:\/\/akhamani.org\/fr\/fuego-nuevo-ancestral-europa\/\">Fuego Nuevo Ancestral Unificador en Europa<\/a><\/p>","protected":false},"excerpt":{"rendered":"<p><span style=\"font-weight: 400;\">Acomp\u00e1\u00f1anos este verano durante el solsticio de 2026 para encender un Nuevo Fuego Ancestral Unificador en Europa y ser parte de un evento que no ha ocurrido en muchos a\u00f1os. Sea testigo de un momento sagrado marcado por la unificaci\u00f3n de las cenizas ancestrales de tradiciones veneradas de Norteam\u00e9rica, Sudam\u00e9rica, India, Nepal, T\u00edbet y Mongolia.<\/span><\/p>\n<p><span style=\"font-weight: 400;\">Sea testigo y celebre c\u00f3mo los nuevos portadores de las cenizas de Europa se unen a las Cenizas del mundo.<\/span><\/p>\n<p><span style=\"font-weight: 400;\">Al unirnos como una sola llama sagrada, reconocemos nuestras diversas herencias culturales y celebramos la esencia universal que nos une a todos.<\/span><\/p>\n<p><span style=\"font-weight: 400;\">Agradecemos a todos los guardianes de la sabidur\u00eda que se unir\u00e1n a nosotros para iniciar un nuevo cap\u00edtulo de memoria colectiva, sabidur\u00eda y unidad.<\/span><\/p>\n<p><span style=\"font-weight: 400;\">Encender el Fuego Nuevo Unificador en Europa es el intento de Akhamani de traer una luz de esperanza, donde la esperanza parece perdida. Plantar semillas de consciencia con la sabidur\u00eda de quienes nos precedieron, para conectar el arte mundial de vivir en unidad, basado en nuestros valores compartidos de compasi\u00f3n, sabidur\u00eda y bondad amorosa.<\/span><\/p>\n<p><strong>Este evento es gratuito para quienes deseen asistir.<\/strong><\/p>\n<p><!-- \/wp:paragraph --> <!-- wp:paragraph --><\/p>\n<p><strong>Lenguaje: <\/strong>Ingles<br \/>\n<strong>Cuando:\u00a0<\/strong>junio 18 \u2013 21 de junio<br \/>\n<strong>Duraci\u00f3n:<\/strong> 4 d\u00edas<br \/>\n<strong>Donde: <\/strong>Los Alpes, cerca de Zurich, Suiza<\/p>\n<p><span style=\"color: #800080;\">Comida, snacks, bebidas y alojamiento no est\u00e1n incluidos.<\/span><br \/>\nPlanifica tus snacks y bebidas durante los descansos.<\/p>\n<p>Cont\u00e1ctenos en <a href=\"mailto:events@akhamani.org\">events@akhamani.org<\/a>.<\/p>","protected":false},"featured_media":5193,"template":"","meta":{"_acf_changed":false,"pmpro_default_level":"","slim_seo":{"title":"Encendido del Fuego Nuevo Ancestral Unificador en Europa","description":"Acomp\u00e1\u00f1anos este verano durante el solsticio de 2026 para encender un Nuevo Fuego Ancestral Unificador en Europa y ser parte de un evento que no ha ocurrido en muchos a\u00f1os."}},"product_brand":[],"product_cat":[56],"product_tag":[],"class_list":{"0":"post-4572","1":"product","2":"type-product","3":"status-publish","4":"has-post-thumbnail","6":"product_cat-akhamani-events-translation","7":"pmpro-has-access","9":"first","10":"instock","11":"featured","12":"virtual","13":"purchasable","14":"product-type-simple"},"acf":[],"_links":{"self":[{"href":"https:\/\/akhamani.org\/fr\/wp-json\/wp\/v2\/product\/4572","targetHints":{"allow":["GET"]}}],"collection":[{"href":"https:\/\/akhamani.org\/fr\/wp-json\/wp\/v2\/product"}],"about":[{"href":"https:\/\/akhamani.org\/fr\/wp-json\/wp\/v2\/types\/product"}],"wp:featuredmedia":[{"embeddable":true,"href":"https:\/\/akhamani.org\/fr\/wp-json\/wp\/v2\/media\/5193"}],"wp:attachment":[{"href":"https:\/\/akhamani.org\/fr\/wp-json\/wp\/v2\/media?parent=4572"}],"wp:term":[{"taxonomy":"product_brand","embeddable":true,"href":"https:\/\/akhamani.org\/fr\/wp-json\/wp\/v2\/product_brand?post=4572"},{"taxonomy":"product_cat","embeddable":true,"href":"https:\/\/akhamani.org\/fr\/wp-json\/wp\/v2\/product_cat?post=4572"},{"taxonomy":"product_tag","embeddable":true,"href":"https:\/\/akhamani.org\/fr\/wp-json\/wp\/v2\/product_tag?post=4572"}],"curies":[{"name":"wp","href":"https:\/\/api.w.org\/{rel}","templated":true}]}}