{"id":2895,"date":"2022-09-26T13:50:29","date_gmt":"2022-09-26T11:50:29","guid":{"rendered":"https:\/\/akhamani.org\/?post_type=product&#038;p=2895"},"modified":"2023-03-02T17:22:36","modified_gmt":"2023-03-02T16:22:36","slug":"empoderamiento-ensenanza-y-practica-de-la-tara-verde","status":"publish","type":"product","link":"https:\/\/akhamani.org\/fr\/produit\/empoderamiento-ensenanza-y-practica-de-la-tara-verde\/","title":{"rendered":"Empoderamiento, Ense\u00f1anza et Practica de la Tara Verde"},"content":{"rendered":"<div class=\"page\" title=\"Page 2\">\n<div class=\"section\">\n<div class=\"layoutArea\">\n<div class=\"column\">\n<h1 style=\"text-align: center;\">La Tara Verde<\/h1>\n<p>El nombre de la Tara Verde se traduce &#8220;del sa\u0301nscrito como protectora o salvadora[. Ella es] una deidad femenina presente en el budismo Vajrayana asociada a los tantras&#8230; [S]e considera como la madre de la liberacio\u0301n.\u201c<\/p>\n<p>Permite a sus practicantes el desarrollo de cualidades exteriores e interiores.<br \/>\nAyuda a liberarnos de miedos externos, como: el miedo a ser robado, a una enfermedad, o a la muerte. Adema\u0301s tambie\u0301n hay ciertos miedos internos que ella libera tales como: los celos, la ignorancia, la molestia, el apego, o la avaricia. Por lo tanto, sus creyentes la veneran mucho, siendo ella la ma\u0301s popular, la madre de todos. Por medio de sus ensen\u0303anzas se aprenden aspectos co\u0301mo el vaci\u0301o o la compasio\u0301n.<\/p>\n<h2 style=\"text-align: center;\">La Ceremonia de la Tara Verde<\/h2>\n<p>Cuando se hace el ritual, se elimina del lugar donde se este\u0301 haciendo todo lo negativo y se le abre la puerta a todo lo positivo, tanto para el lugar como para quienes este\u0301n en e\u0301l. Se hacen actos y se recitan los mantras, todo esto lo lleva acabo un lama, quien igualmente recita diversas oraciones, inclusive se pueden dar ofrendas.<\/p>\n<p>Por medio de esta ceremonia se busca que cree un karma bastante positivo, abriendo buenos caminos a las personas por quien se esta\u0301 pidiendo al igual que por los creyentes que la esta\u0301n realizando. Se elimina a partir de aqui\u0301, segu\u0301n los creyentes, todos aquellos inconvenientes que tengamos en nuestras vidas diarias.<\/p>\n<h2 style=\"text-align: center;\">El Mantra de la Tara Verde<\/h2>\n<p>&#8220;Se dice que, en realidad, la palabra Tara, segu\u0301n la creencia budista, significa libertadora. O sea, nos libera de amenazas externas y miedos. [Asi\u0301, su] mantra es ideal para alejar esos miedos que nos limitan.\u201c Recitar el mantra ayuda a vencer totalmente o parcialmente a algu\u0301n miedo que este\u0301s teniendo o alguna inseguridad que este\u0301s pasando.<\/p>\n<p style=\"text-align: center;\"><strong>Om tare tuttare ture soha<\/strong><\/p>\n<p>Cada palabra de estas tiene un significado:<\/p>\n<p><strong>Om:<\/strong> hace referencia a la mente y el cuerpo<br \/>\n<strong>Tare:<\/strong> libertad en cuanto a lo que se esta\u0301 padeciendo<br \/>\n<strong>Tuttare:<\/strong> cubrirse del peligro interno y externo<br \/>\n<strong>Ture:<\/strong> amparo de las enfermedades<br \/>\n<strong>Soha:<\/strong> amparo a largo plazo de peligros<\/p>\n<h2 style=\"text-align: center;\">La Pra\u0301ctica de la Tara Verde<\/h2>\n<p>&#8220;Este ritual nos facilita el alejamiento de amenazas y peligros. Y, ojo, algunos de ellos son internos, o sea, esta\u0301n dentro de nosotros sin que lo sepamos. Se esconden en nuestra mente, en nuestro corazo\u0301n, impidie\u0301ndonos ser libres.<br \/>\nPor eso este mantra es tan poderoso. Nos permite vivir con tranquilidad, lejos del miedo, cerca de las certezas y las seguridades.\u201c<\/p>\n<h2 style=\"text-align: center;\">Venerable Khenpo Tsultrim Tenzin Rinpoche<\/h2>\n<p><img loading=\"lazy\" decoding=\"async\" class=\"alignnone wp-image-2547 aligncenter\" src=\"https:\/\/akhamani.org\/wp-content\/uploads\/2022\/05\/283772311_3235488790016781_4495457647646321938_n-242x300.jpg\" alt=\"Akhamani-ambassador\" width=\"218\" height=\"270\" srcset=\"https:\/\/akhamani.org\/wp-content\/uploads\/2022\/05\/283772311_3235488790016781_4495457647646321938_n-242x300.jpg 242w, https:\/\/akhamani.org\/wp-content\/uploads\/2022\/05\/283772311_3235488790016781_4495457647646321938_n-828x1024.jpg 828w, https:\/\/akhamani.org\/wp-content\/uploads\/2022\/05\/283772311_3235488790016781_4495457647646321938_n-768x950.jpg 768w, https:\/\/akhamani.org\/wp-content\/uploads\/2022\/05\/283772311_3235488790016781_4495457647646321938_n-1600x1980.jpg 1600w, https:\/\/akhamani.org\/wp-content\/uploads\/2022\/05\/283772311_3235488790016781_4495457647646321938_n-1241x1536.jpg 1241w, https:\/\/akhamani.org\/wp-content\/uploads\/2022\/05\/283772311_3235488790016781_4495457647646321938_n-1655x2048.jpg 1655w, https:\/\/akhamani.org\/wp-content\/uploads\/2022\/05\/283772311_3235488790016781_4495457647646321938_n-10x12.jpg 10w, https:\/\/akhamani.org\/wp-content\/uploads\/2022\/05\/283772311_3235488790016781_4495457647646321938_n-350x433.jpg 350w\" sizes=\"auto, (max-width: 218px) 100vw, 218px\" \/><\/p>\n<p style=\"text-align: left;\">El Venerable Khenpo Tsultrim Tenzin Rinpoche tom\u00f3 los votos de monje a la edad de 14 a\u00f1os. Estudi\u00f3 los Trece Textos Mayores con Khenchen Nawang Gyalpo Rinpoch\u00e9 y otros khenpos. Tambi\u00e9n recibi\u00f3 todo el ciclo Lamdr\u00e9 de empoderamientos del linaje Ngor-Sakya de Khensur Khenchen Rinpoch\u00e9. Adem\u00e1s, recibi\u00f3 muchos empoderamientos y ense\u00f1anzas Nyingma de Lama Togden Rinpoch\u00e9 y Dilgo Khyentse Rinpoch\u00e9. M\u00e1s tarde, Khenpo Rinpoch\u00e9 se uni\u00f3 al Instituto Drikung Kagyu en Jangchub Ling en Dehra Dun, donde conoci\u00f3 a Su Santidad Drikung Kyabg\u00f6n Chetsang Rinpoch\u00e9. Fue entronizado por Su Santidad como \u201cKhenpo\u201d en 1998. Para saber m\u00e1s sobre Rinpoche, visite la pagina de <a href=\"https:\/\/akhamani.org\/ambassadors\/\">Ambassadors<\/a>.<\/p>\n<\/div>\n<\/div>\n<div class=\"layoutArea\">\n<div class=\"column\">\n<p>Credito del texto: https:\/\/curiosidadesyalgomas.com\/blog\/tara-verde\/<\/p>\n<\/div>\n<\/div>\n<\/div>\n<\/div>\n","protected":false},"excerpt":{"rendered":"<div class=\"page\" title=\"Page 1\">\n<div class=\"section\">\n<div class=\"layoutArea\">\n<div class=\"column\">\n<p style=\"text-align: center;\">Dirigido du V\u00e9n\u00e9rable Khenpo Tsultrim Tenzin Rinpoch\u00e9<br \/>\n<span style=\"font-size: 1rem;\">Patronn\u00e9 par AKHAMANAI<\/span><\/p>\n<p style=\"text-align: center;\">Date : 10 et 11 d\u00e9cembre 2022<br \/>\nHoraire : 10h00 \u2013 16h00<\/p>\n<p style=\"text-align: center;\">Lieu : Aljibe \u2013 Juan Gomez No. 16, Cacalomacan 50265, Toluca, Mexique<\/p>\n<p style=\"text-align: center;\">\u00c9v\u00e9nement public gratuit<br \/>\nEspace solo pour 60 personnes\u00a0!<\/p>\n<\/div>\n<\/div>\n<\/div>\n<\/div>","protected":false},"featured_media":2896,"template":"","meta":{"_acf_changed":false,"pmpro_default_level":"","slim_seo":{"title":"Empoderamiento, Ense\u00f1anza, y Pr\u00e1ctica de la Tara Verde - Akhamani","description":"Dirigido por el Venerable Khenpo Tsultrim Tenzin Rinpoche Patrocinado por AKHAMANAI Fecha: Diciembre 10 &amp; 11, 2022 Hora: 10:00am - 4:00pm Lugar: Aljibe - Ju"}},"product_brand":[],"product_cat":[28],"product_tag":[],"class_list":{"0":"post-2895","1":"product","2":"type-product","3":"status-publish","4":"has-post-thumbnail","6":"product_cat-akhamani-events","7":"pmpro-has-access","9":"first","10":"outofstock","11":"downloadable","12":"shipping-taxable","13":"purchasable","14":"product-type-simple"},"acf":[],"_links":{"self":[{"href":"https:\/\/akhamani.org\/fr\/wp-json\/wp\/v2\/product\/2895","targetHints":{"allow":["GET"]}}],"collection":[{"href":"https:\/\/akhamani.org\/fr\/wp-json\/wp\/v2\/product"}],"about":[{"href":"https:\/\/akhamani.org\/fr\/wp-json\/wp\/v2\/types\/product"}],"wp:featuredmedia":[{"embeddable":true,"href":"https:\/\/akhamani.org\/fr\/wp-json\/wp\/v2\/media\/2896"}],"wp:attachment":[{"href":"https:\/\/akhamani.org\/fr\/wp-json\/wp\/v2\/media?parent=2895"}],"wp:term":[{"taxonomy":"product_brand","embeddable":true,"href":"https:\/\/akhamani.org\/fr\/wp-json\/wp\/v2\/product_brand?post=2895"},{"taxonomy":"product_cat","embeddable":true,"href":"https:\/\/akhamani.org\/fr\/wp-json\/wp\/v2\/product_cat?post=2895"},{"taxonomy":"product_tag","embeddable":true,"href":"https:\/\/akhamani.org\/fr\/wp-json\/wp\/v2\/product_tag?post=2895"}],"curies":[{"name":"wp","href":"https:\/\/api.w.org\/{rel}","templated":true}]}}