{"id":2477,"date":"2022-03-02T10:17:45","date_gmt":"2022-03-02T09:17:45","guid":{"rendered":"https:\/\/akhamani.org\/?post_type=product&#038;p=2477"},"modified":"2022-08-24T22:41:06","modified_gmt":"2022-08-24T20:41:06","slug":"help-for-ukraine-4","status":"publish","type":"product","link":"https:\/\/akhamani.org\/fr\/produit\/help-for-ukraine-4\/","title":{"rendered":"Aide pour l'Ukraine"},"content":{"rendered":"<p>Il n\u2019est jamais facile d\u2019\u00eatre t\u00e9moin des d\u00e9sastres d\u00e9vastateurs et des souffrances que la guerre inflige aux populations. Akhamani collecte des fonds pour acheter et distribuer de la nourriture de base, de l\u2019eau et des m\u00e9dicaments aux r\u00e9fugi\u00e9s de guerre \u00e0 la fronti\u00e8re entre la Pologne et l\u2019Ukraine. Ensemble, nous avons de meilleures chances d\u2019aider activement ceux qui souffrent des ravages de la guerre.<\/p>\n<p><strong>Tous les dons donnent le droit \u00e0 des d\u00e9ductions fiscales dans tous les pays europ\u00e9ens et aux \u00c9tats-Unis. <\/strong><\/p>\n<p>Que faisons-nous avec vos dons :<\/p>\n<ul>\n<li>acheter et distribuer de la nourriture et de l'eau,<\/li>\n<li>trousses d'hygi\u00e8ne et<\/li>\n<li>m\u00e9decine de base<\/li>\n<\/ul>\n<p>Une fois votre don re\u00e7u, nous vous montrerons exactement o\u00f9 et comment il est utilis\u00e9 et nous vous remercierons, avec votre permission, dans l'article que nous publions pour informer nos donateurs (vous pouvez \u00e9galement demander \u00e0 rester anonyme, bien s\u00fbr).<\/p>","protected":false},"excerpt":{"rendered":"<p><img loading=\"lazy\" decoding=\"async\" class=\"wp-image-2466 aligncenter\" style=\"font-size: 1rem;\" src=\"https:\/\/akhamani.org\/wp-content\/uploads\/2022\/03\/AKH_Akhamani_Logo_Horizontal_F_2Color-300x73.png\" alt=\"AKH_Akhamani_Logo_Horizontal_F_2Color\" width=\"242\" height=\"59\" srcset=\"https:\/\/akhamani.org\/wp-content\/uploads\/2022\/03\/AKH_Akhamani_Logo_Horizontal_F_2Color-300x73.png 300w, https:\/\/akhamani.org\/wp-content\/uploads\/2022\/03\/AKH_Akhamani_Logo_Horizontal_F_2Color-1024x248.png 1024w, https:\/\/akhamani.org\/wp-content\/uploads\/2022\/03\/AKH_Akhamani_Logo_Horizontal_F_2Color-768x186.png 768w, https:\/\/akhamani.org\/wp-content\/uploads\/2022\/03\/AKH_Akhamani_Logo_Horizontal_F_2Color-18x4.png 18w, https:\/\/akhamani.org\/wp-content\/uploads\/2022\/03\/AKH_Akhamani_Logo_Horizontal_F_2Color-350x85.png 350w, https:\/\/akhamani.org\/wp-content\/uploads\/2022\/03\/AKH_Akhamani_Logo_Horizontal_F_2Color.png 1272w\" sizes=\"auto, (max-width: 242px) 100vw, 242px\" \/><\/p>\n<p><span style=\"font-size: 1rem;\"> Aucun don n'est trop petit<\/span><span style=\"font-size: 1rem;\">! Merci de nous aider \u00e0 porter de l'aide aux r\u00e9fugi\u00e9s de guerre ukrainiens arrivant \u00e0 la fronti\u00e8re de la Pologne et de l'Ukraine.<\/span><\/p>\n<p><strong>Tous les dons donnent le droit \u00e0 des d\u00e9ductions fiscales dans tous les pays europ\u00e9ens et aux \u00c9tats-Unis.<\/strong><\/p>","protected":false},"featured_media":2475,"template":"","meta":{"_acf_changed":false,"pmpro_default_level":"","slim_seo":{"title":"Help for Ukraine - Akhamani","description":"No donation is too sm all to make a difference! Thank you for helping us bring relief to Ukrainian war refugees arriving at the border of Polland and Ukraine. A"}},"product_brand":[],"product_cat":[30,34],"product_tag":[],"class_list":{"0":"post-2477","1":"product","2":"type-product","3":"status-publish","4":"has-post-thumbnail","6":"product_cat-akhamani-donation","7":"product_cat-hidden","8":"pmpro-has-access","10":"first","11":"outofstock","12":"virtual","13":"sold-individually","14":"purchasable","15":"product-type-simple"},"acf":[],"_links":{"self":[{"href":"https:\/\/akhamani.org\/fr\/wp-json\/wp\/v2\/product\/2477","targetHints":{"allow":["GET"]}}],"collection":[{"href":"https:\/\/akhamani.org\/fr\/wp-json\/wp\/v2\/product"}],"about":[{"href":"https:\/\/akhamani.org\/fr\/wp-json\/wp\/v2\/types\/product"}],"wp:featuredmedia":[{"embeddable":true,"href":"https:\/\/akhamani.org\/fr\/wp-json\/wp\/v2\/media\/2475"}],"wp:attachment":[{"href":"https:\/\/akhamani.org\/fr\/wp-json\/wp\/v2\/media?parent=2477"}],"wp:term":[{"taxonomy":"product_brand","embeddable":true,"href":"https:\/\/akhamani.org\/fr\/wp-json\/wp\/v2\/product_brand?post=2477"},{"taxonomy":"product_cat","embeddable":true,"href":"https:\/\/akhamani.org\/fr\/wp-json\/wp\/v2\/product_cat?post=2477"},{"taxonomy":"product_tag","embeddable":true,"href":"https:\/\/akhamani.org\/fr\/wp-json\/wp\/v2\/product_tag?post=2477"}],"curies":[{"name":"wp","href":"https:\/\/api.w.org\/{rel}","templated":true}]}}