{"id":2430,"date":"2022-01-18T13:10:30","date_gmt":"2022-01-18T12:10:30","guid":{"rendered":"https:\/\/akhamani.org\/?post_type=product&#038;p=2430"},"modified":"2022-08-25T23:00:22","modified_gmt":"2022-08-25T21:00:22","slug":"meditation-classes-association-member","status":"publish","type":"product","link":"https:\/\/akhamani.org\/fr\/produit\/meditation-classes-association-member\/","title":{"rendered":"Cours de M\u00e9ditation\u00a0: Tarif des Adh\u00e9rents"},"content":{"rendered":"<p style=\"text-align: center;\"><strong>\u00c0 propos les cours<\/strong><\/p>\n<p>L'un des plus grands d\u00e9fis pour les gens d'aujourd'hui, en particulier pendant les p\u00e9riodes difficiles de la pand\u00e9mie, est de parvenir \u00e0 calmer l\u2019esprit. La s\u00e9r\u00e9nit\u00e9 mentale est parfois \u00e9vasive mais, lorsqu'elle est atteinte, elle vous procure une tranquillit\u00e9 et un \u00e9quilibre \u00e9norme ; eIle vous permet d'atteindre un niveau r\u00e9duit de stress, de d\u00e9pression et d'anxi\u00e9t\u00e9.<\/p>\n<p>Le cours de m\u00e9ditation convient \u00e0 tous les \u00e2ges, aux d\u00e9butants comme aux personnes de niveau avanc\u00e9.<\/p>\n<p style=\"text-align: center;\"><strong>Au cours d\u2019une session d'une heure, vous apprendrez et\/ou d\u00e9velopperez<\/strong>:<\/p>\n<ul>\n<li>les bases de la m\u00e9ditation, de son fonctionnement et la meilleure fa\u00e7on de mettre en place votre propre pratique quotidienne.<\/li>\n<li>Chaque session est compos\u00e9e d\u2019une p\u00e9riode de m\u00e9ditation et une opportunit\u00e9 de poser des questions pour clarifier les \u00e9l\u00e9ments de la pratique qui vous interrogent.<\/li>\n<\/ul>\n<p style=\"text-align: center;\"><strong>Comment se pr\u00e9parer pour les cours\u00a0:<\/strong><\/p>\n<ul>\n<li>Portez des v\u00eatements confortables<\/li>\n<li>Soyez pr\u00eat \u00e0 prendre des notes si n\u00e9cessaire<\/li>\n<li>Ayez une bouteille d'eau<\/li>\n<li>Amener un tapis ou un coussin de m\u00e9ditation.<\/li>\n<li>Des chaises seront fournies pour ceux qui ne peuvent pas s'asseoir par terre en raison des limitations physiques.<\/li>\n<\/ul>\n<p><strong>A\u0300 NOTER :\u00a0<\/strong>Toutes les pratiques de \u00absante\u0301\u00bb propose\u0301es sont des pratiques de bien-e\u0302tre et ne sont \npas destine\u0301es a\u0300 remplacer un diagnostic, un traitement ou un avis me\u0301dical.<\/p>\n<p>Si vous souhaitez recevoir plus d'informations sur nos cours, <a href=\"https:\/\/akhamani.org\/fr\/contact-us\/\">Contact<\/a>.<\/p>\n<p style=\"text-align: center;\"><em><strong>Le b\u00e9n\u00e9fice des cours sera d\u00e9di\u00e9 \u00e0 soutenir nos projets et objectifs humanitaires.<br \/>\n<\/strong><\/em><\/p>","protected":false},"excerpt":{"rendered":"<p><strong>Cours de M\u00e9ditation<br \/>\n<\/strong><br \/>\nDirig\u00e9 par l'un de nos animateurs exp\u00e9riment\u00e9s et, occasionnellement, les ambassadeurs d'Akhamani.<\/p>\n<p><strong>Langue: <\/strong>Fran\u00e7ais et Anglais<\/p>\n<p><strong>Quand:<\/strong><br \/>\nTous les Mardis<\/p>\n<p><strong>\u00c0 Noter: <\/strong>il n'y a pas de cours pendant les p\u00e9riodes de vacances fran\u00e7aises.<\/p>\n<p><strong>Horaire :<\/strong> de 18:30-19:30<\/p>\n<p><strong>O\u00f9: <\/strong>Ferme du Mont-Garin<br \/>\n210 Rue de Verlinghem<br \/>\n59130, Lambersart<\/p>\n<p><strong>Prix<br \/>\n<\/strong>10 \u20ac par cours pour les Ah\u00e9rents de l'Association<br \/>\nPour adh\u00e9rer, cliquez ici <a href=\"https:\/\/akhamani.org\/fr\/membership\/\">Inscriptions<\/a><\/p>\n<p style=\"text-align: center;\"><em><strong>Vous avez l'option de payer pour plusieurs cours \u00e0 la fois<\/strong><\/em>.<\/p>","protected":false},"featured_media":2431,"template":"","meta":{"_acf_changed":false,"pmpro_default_level":"","slim_seo":{"title":"Meditation Classes: Association Member - Akhamani","description":"Meditation Classes Led by one of our experienced meditators &amp;, occasionally, the Akhamani Ambassadors. Language: French &amp; English When: Every Tuesday No"}},"product_brand":[],"product_cat":[28,34],"product_tag":[],"class_list":{"0":"post-2430","1":"product","2":"type-product","3":"status-publish","4":"has-post-thumbnail","6":"product_cat-akhamani-events","7":"product_cat-hidden","8":"pmpro-has-access","10":"first","11":"outofstock","12":"purchasable","13":"product-type-simple"},"acf":[],"_links":{"self":[{"href":"https:\/\/akhamani.org\/fr\/wp-json\/wp\/v2\/product\/2430","targetHints":{"allow":["GET"]}}],"collection":[{"href":"https:\/\/akhamani.org\/fr\/wp-json\/wp\/v2\/product"}],"about":[{"href":"https:\/\/akhamani.org\/fr\/wp-json\/wp\/v2\/types\/product"}],"wp:featuredmedia":[{"embeddable":true,"href":"https:\/\/akhamani.org\/fr\/wp-json\/wp\/v2\/media\/2431"}],"wp:attachment":[{"href":"https:\/\/akhamani.org\/fr\/wp-json\/wp\/v2\/media?parent=2430"}],"wp:term":[{"taxonomy":"product_brand","embeddable":true,"href":"https:\/\/akhamani.org\/fr\/wp-json\/wp\/v2\/product_brand?post=2430"},{"taxonomy":"product_cat","embeddable":true,"href":"https:\/\/akhamani.org\/fr\/wp-json\/wp\/v2\/product_cat?post=2430"},{"taxonomy":"product_tag","embeddable":true,"href":"https:\/\/akhamani.org\/fr\/wp-json\/wp\/v2\/product_tag?post=2430"}],"curies":[{"name":"wp","href":"https:\/\/api.w.org\/{rel}","templated":true}]}}