{"id":66,"date":"2020-08-18T22:38:17","date_gmt":"2020-08-18T20:38:17","guid":{"rendered":"https:\/\/akhamani.org\/?page_id=66"},"modified":"2021-01-06T17:22:36","modified_gmt":"2021-01-06T16:22:36","slug":"privacy-policy","status":"publish","type":"page","link":"https:\/\/akhamani.org\/fr\/privacy-policy\/","title":{"rendered":"La Politique de Confidentialit\u00e9"},"content":{"rendered":"<p>Le respect de la vie priv\u00e9e et de la protection des donn\u00e9es \u00e0 caract\u00e8re personnel constitue un facteur de confiance, valeur \u00e0 laquelle tient particuli\u00e8rement Akhamani en s\u2019attachant au respect des libert\u00e9s et droits fondamentaux de chacun.<\/p>\n\n\n\n<nav class=\"breadcrumbs\" aria-label=\"Fil d&#039;Ariane\"><a href=\"https:\/\/akhamani.org\/fr\/\" class=\"breadcrumb breadcrumb--first\">Accueil<\/a> <span class='breadcrumbs__separator' aria-hidden='true'>\u00bb<\/span> <span class=\"breadcrumb breadcrumb--last\" aria-current=\"page\"><\/span><\/nav>\n\n\n\n<div style=\"height:36px\" aria-hidden=\"true\" class=\"wp-block-spacer\"><\/div>\n\n\n\n<figure class=\"wp-block-image size-large\"><img loading=\"lazy\" decoding=\"async\" width=\"400\" height=\"98\" src=\"https:\/\/akhamani.org\/wp-content\/uploads\/2020\/09\/AKH_Akhamani_Logo_Horizontal_F_2Color-e1601557524479.png\" alt=\"Akhamani\" class=\"wp-image-759\"\/><\/figure>\n\n\n\n<div style=\"height:20px\" aria-hidden=\"true\" class=\"wp-block-spacer\"><\/div>\n\n\n\n<p><br>La pr\u00e9sente politique de protection des donn\u00e9es \u00e0 caract\u00e8re personnel t\u00e9moigne des engagements mis en \u0153uvre par Akhamani et l\u2019ensemble de ses membres actifs dans le cadre de ses activit\u00e9s quotidiennes pour une utilisation responsable des donn\u00e9es personnelles.<\/p>\n\n\n\n<h2 class=\"wp-block-heading\">D\u00e9l\u00e9gu\u00e9 \u00e0 la Protection des Donn\u00e9es (DPD) \/ Data Protection Officer (DPO)<\/h2>\n\n\n\n<p>Afin de pr\u00e9server la vie priv\u00e9e et la protection des donn\u00e9es \u00e0 caract\u00e8re personnel de tous, Akhamani a d\u00e9sign\u00e9 pour chaque filiale, depuis Septembre 2020 , un D\u00e9l\u00e9gu\u00e9 \u00e0 la Protection des Donn\u00e9es \/ Data Protection Officer (DPD\/DPO).<br>Le DPO est un gage de confiance ; interlocuteur sp\u00e9cialis\u00e9 dans la protection des donn\u00e9es personnelles, charg\u00e9 de veiller \u00e0 la pr\u00e9servation de la vie priv\u00e9e et \u00e0 la bonne application des r\u00e8gles de protection des donn\u00e9es personnelles, interlocuteur privil\u00e9gi\u00e9 de la Commission Nationale de l\u2019Informatique et des Libert\u00e9s (CNIL), et de toutes personnes concern\u00e9es par une collecte ou un traitement de donn\u00e9es \u00e0 caract\u00e8re personnel.<br>Pour contacter le DPO : \u00e9crire \u00e0 \u00ab DPO Akhamani 182 rue de Lompret, 59130 Lambersart, FRANCE \u00bb ou par mail \u00e0 info@akhamani.org.<br>Le DPO tient le registre des activit\u00e9s de traitements d'Akhamani qu\u2019il met, le cas \u00e9ch\u00e9ant, \u00e0 la disposition de la CNIL.<\/p>\n\n\n\n<h2 class=\"wp-block-heading\">Principes applicables \u00e0 la protection des donn\u00e9es personnelles<\/h2>\n\n\n\n<p>Akhamani traite les donn\u00e9es personnelles dans le respect des lois et r\u00e9glementations en vigueur, et notamment de la loi fran\u00e7aise Informatique et Libert\u00e9s et du R\u00e8glement Europ\u00e9en sur la protection des donn\u00e9es n\u00b02016\/679 du 27 avril 2016.<br>Selon le principe dit \u00ab d\u2019accountability \u00bb, une politique de responsabilisation des donn\u00e9es personnelles est mise en \u0153uvre dans l\u2019entreprise et le respect de ces dispositions est contr\u00f4l\u00e9.<\/p>\n\n\n\n<h3 class=\"wp-block-heading\">Finalit\u00e9 d\u00e9termin\u00e9e, explicite et l\u00e9gitime du traitement<\/h3>\n\n\n\n<p>Les donn\u00e9es personnelles sont collect\u00e9es pour des objectifs pr\u00e9cis (finalit\u00e9s), port\u00e9s \u00e0 la connaissance des personnes concern\u00e9es. Ces donn\u00e9es ne peuvent \u00eatre utilis\u00e9es ult\u00e9rieurement de mani\u00e8re incompatible avec ces finalit\u00e9s.<\/p>\n\n\n\n<p>La base l\u00e9gale des traitements est le consentement explicite. Plus pr\u00e9cis\u00e9ment, les finalit\u00e9s sont les suivantes :<\/p>\n\n\n\n<ul class=\"wp-block-list\"><li>Gestion des adh\u00e9sions ;<\/li><li>Gestion des \u00e9v\u00e9nements ;<\/li><li>Gestion de la logistique pour la livraison de biens et produits mat\u00e9riels issus de dons ;<\/li><li>Gestion du fonctionnement et optimisation du site Internet ;<\/li><li>V\u00e9rification, identification et authentification des donn\u00e9es transmises par l\u2019utilisateur ;<\/li><\/ul>\n\n\n\n<p>Ces donn\u00e9es sont trait\u00e9es de mani\u00e8re licite, loyale et transparente. Aucune collecte n\u2019est effectu\u00e9e \u00e0 l\u2019insu des personnes et sans qu\u2019elles en soient inform\u00e9es.<br>Akhamani ne collecte pas de donn\u00e9es relatives \u00e0 la sant\u00e9, \u00e0 l'origine raciale, aux opinions politiques, aux convictions religieuses, philosophiques ou raciales. De m\u00eame il ne collecte pas de donn\u00e9es g\u00e9n\u00e9tiques, biom\u00e9triques ou de donn\u00e9es concernant la vie sexuelle ou l\u2019orientation sexuelle de la personne concern\u00e9e.<\/p>\n\n\n\n<h3 class=\"wp-block-heading\">Proportion et pertinence des donn\u00e9es collect\u00e9es<\/h3>\n\n\n\n<p>Les donn\u00e9es personnelles collect\u00e9es sont strictement n\u00e9cessaires \u00e0 l\u2019objectif poursuivi par la collecte. Akhamani s\u2019attache \u00e0 minimiser les donn\u00e9es collect\u00e9es, \u00e0 les tenir exactes et \u00e0 jour en facilitant les droits des personnes concern\u00e9es.<\/p>\n\n\n\n<p>Une donn\u00e9e \u00e0 caract\u00e8re personnel d\u00e9signe toute information concernant une personne physique identifi\u00e9e ou identifiable (personne concern\u00e9e); est r\u00e9put\u00e9e identifiable une personne qui peut \u00eatre identifi\u00e9e, directement ou indirectement, notamment par r\u00e9f\u00e9rence \u00e0 un nom, un num\u00e9ro d\u2019identification ou \u00e0 un ou plusieurs \u00e9l\u00e9ments sp\u00e9cifiques, propres \u00e0 son identit\u00e9 physique, physiologique, g\u00e9n\u00e9tique, psychique, \u00e9conomique, culturelle ou sociale.<br><br>Les donn\u00e9es personnelles collect\u00e9es sont les suivantes :<\/p>\n\n\n\n<ul class=\"wp-block-list\"><li>Nom et pr\u00e9nom<\/li><li>Adresse postale<\/li><li>Adresse mail<\/li><li>Num\u00e9ro de t\u00e9l\u00e9phone<\/li><li>Date de naissance<\/li><li>G\u00e9olocalisation<\/li><li>Identit\u00e9 du tuteur l\u00e9gal (pour les mineurs)<\/li><\/ul>\n\n\n\n<p>Un DPO : info@akhamani.org, est \u00e0 votre disposition pour toute question relative \u00e0 la protection de vos donn\u00e9es personnelles.<\/p>\n\n\n\n<h3 class=\"wp-block-heading\">Dur\u00e9e de conservation limit\u00e9e des donn\u00e9es \u00e0 caract\u00e8re personnel<\/h3>\n\n\n\n<p>Les donn\u00e9es \u00e0 caract\u00e8re personnel sont conserv\u00e9es pendant une dur\u00e9e limit\u00e9e qui n\u2019exc\u00e8de pas la dur\u00e9e n\u00e9cessaire aux finalit\u00e9s de collecte.<br>Les d\u00e9lais de conservation des donn\u00e9es sont port\u00e9s \u00e0 la connaissance des personnes, et varient selon la nature des donn\u00e9es, la finalit\u00e9 des traitements, ou les exigences l\u00e9gales ou r\u00e9glementaires.<\/p>\n\n\n\n<h3 class=\"wp-block-heading\">Confidentialit\u00e9 \/ S\u00e9curit\u00e9 des donn\u00e9es<\/h3>\n\n\n\n<p>Des mesures de protection des syst\u00e8mes d\u2019information sont mises en \u0153uvre, adapt\u00e9es \u00e0 la nature des donn\u00e9es trait\u00e9es et aux activit\u00e9s de l\u2019entreprise.<br>Des mesures de s\u00e9curit\u00e9 physiques, logiques et organisationnelles appropri\u00e9es sont pr\u00e9vues pour garantir la confidentialit\u00e9 des donn\u00e9es, et notamment \u00e9viter tout acc\u00e8s non autoris\u00e9.<br>Akhamani a \u00e9labor\u00e9 une proc\u00e9dure de notification \u00e0 la CNIL et \/ ou aux personnes concern\u00e9es d\u2019une violation de donn\u00e9es \u00e0 caract\u00e8re personnel.<br>Akhamani exige \u00e9galement de tout sous-traitant qu\u2019il pr\u00e9sente des garanties appropri\u00e9es pour assurer la s\u00e9curit\u00e9, la protection et la confidentialit\u00e9 des donn\u00e9es personnelles. Cette exigence passe par la mise en place de contrats, qui incluent pour le sous-traitant l\u2019obligation de respecter le contenu du R\u00e8glement Europ\u00e9en. Ces contrats pr\u00e9voient la r\u00e9alisation, le cas \u00e9ch\u00e9ant, de contr\u00f4les et d\u2019audits.<br>Des donn\u00e9es \u00e0 caract\u00e8re personnel peuvent faire l\u2019objet de transferts vers des pays situ\u00e9s dans l\u2019Union Europ\u00e9enne ou hors de l\u2019Union Europ\u00e9enne. Si tel est le cas, les personnes concern\u00e9es en sont pr\u00e9cis\u00e9ment inform\u00e9es, et des mesures sp\u00e9cifiques, par exemple, les clauses contractuelles europ\u00e9ennes, sont prises pour encadrer ces transferts.<\/p>\n\n\n\n<h3 class=\"wp-block-heading\">Lic\u00e9it\u00e9 du traitement<\/h3>\n\n\n\n<p>Les traitements de l'association reposent, soit sur le consentement des personnes concern\u00e9es, soit sur l\u2019ex\u00e9cution du contrat qui lie l'association avec les personnes concern\u00e9es, soit sur le respect d\u2019une obligation l\u00e9gale, soit sur la poursuite des int\u00e9r\u00eats l\u00e9gitimes de l'association.<\/p>\n\n\n\n<p>Lorsque le traitement repose sur le consentement, l'association est en mesure de d\u00e9montrer que la personne concern\u00e9e a donn\u00e9 son consentement.<\/p>\n\n\n\n<h3 class=\"wp-block-heading\">Droits des personnes<\/h3>\n\n\n\n<p>Tous les moyens n\u00e9cessaires \u00e0 garantir l\u2019effectivit\u00e9 des droits des personnes sur leurs donn\u00e9es personnelles sont mis en \u0153uvre.<\/p>\n\n\n\n<p>Une information claire et compl\u00e8te sur les traitements de donn\u00e9es est mise en \u0153uvre sur tous les m\u00e9dias collectant les donn\u00e9es personnelles. Cette information est facilement accessible et a vocation \u00e0 \u00eatre compr\u00e9hensible par tous. <\/p>\n\n\n\n<p>En application de la r\u00e9glementation applicable aux donn\u00e9es \u00e0 caract\u00e8re personnel, les utilisateurs disposent des droits suivants :<\/p>\n\n\n\n<ul class=\"wp-block-list\"><li><strong>Le droit d\u2019acc\u00e8s :<\/strong> pour conna\u00eetre toutes les donn\u00e9es personnelles les concernant.<\/li><li><strong>Le droit de rectification :<\/strong> si les donn\u00e9es d\u00e9tenues sont inexactes, ils peuvent demander la mise \u00e0 jour ou le compl\u00e9ment de ces informations.<\/li><li><strong>Le droit suppression :<\/strong> pour demander la suppression de leurs donn\u00e9es.<\/li><li><strong>Le droit \u00e0 la limitation du traitement :<\/strong> pour demander de limiter le traitement des donn\u00e9es personnelles conform\u00e9ment aux hypoth\u00e8ses pr\u00e9vues par le RGPD.<\/li><li><strong>Le droit de s\u2019opposer au traitement :<\/strong> pour s\u2019opposer \u00e0 ce que ses donn\u00e9es soient trait\u00e9es conform\u00e9ment aux hypoth\u00e8ses pr\u00e9vues par le RGPD.<\/li><li><strong>Le droit \u00e0 la portabilit\u00e9 :<\/strong> pour demander de leur remettre les donn\u00e9es personnelles collect\u00e9es pour les transmettre \u00e0 une nouvelle entit\u00e9, sous certaines conditions.<\/li><\/ul>\n\n\n\n<p>Toute demande doit \u00eatre accompagn\u00e9e de la photocopie d\u2019un titre d\u2019identit\u00e9 en cours de validit\u00e9 sign\u00e9 et faire mention de l\u2019adresse mail \u00e0 laquelle l\u2019\u00e9diteur pourra contacter le demandeur. La r\u00e9ponse sera adress\u00e9e dans le mois suivant la r\u00e9ception de la demande. Ce d\u00e9lai d\u2019un mois peut \u00eatre prolong\u00e9 de deux mois si la complexit\u00e9 de la demande et\/ou le nombre de demandes l\u2019exigent.<\/p>\n\n\n\n<p>De plus, et depuis la loi n\u00b02016-1321 du 7 octobre 2016, les personnes qui le souhaitent, ont la possibilit\u00e9 d\u2019organiser le sort de leurs donn\u00e9es apr\u00e8s leur d\u00e9c\u00e8s. Pour plus d\u2019information sur le sujet, vous pouvez consulter le site Internet de la CNIL : https:\/\/www.cnil.fr\/<br>Ces droits peuvent \u00eatre exerc\u00e9s selon les proc\u00e9dures amen\u00e9es \u00e0 l'attention des personnes concern\u00e9es par nos partenaires, membres et b\u00e9n\u00e9ficiaires, Akhamani les aidera \u00e0 trouver la meilleur r\u00e9solution pour chaque cas.<\/p>\n\n\n\n<h2 class=\"wp-block-heading\">Suivi de la Politique de Protection des Donn\u00e9es \u00e0 Caract\u00e8re Personnel<\/h2>\n\n\n\n<p>Cette politique est actualis\u00e9e r\u00e9guli\u00e8rement pour prendre en compte les \u00e9volutions l\u00e9gislatives et r\u00e9glementaires, et tout changement dans l\u2019organisation d'Akhamani ou dans les offres, produits et services propos\u00e9s.<br>En cas de nouveau traitement ou de modification d\u2019un traitement existant qui pourrait avoir un impact sur les droits et les libert\u00e9s des personnes concern\u00e9es, Akhamanir\u00e9alisera une analyse d\u2019impact relative \u00e0 la protection des donn\u00e9es.<\/p>","protected":false},"excerpt":{"rendered":"<p>Le respect de la vie priv\u00e9e et la protection des donn\u00e9es personnelles est un facteur de confiance, une valeur \u00e0 laquelle Akhamani tient particuli\u00e8rement \u00e0 c\u0153ur, qui s\u2019engage \u00e0 respecter les droits et libert\u00e9s fondamentales de chaque individu. La pr\u00e9sente politique de protection des donn\u00e9es personnelles refl\u00e8te les engagements mis en \u0153uvre par Akhamani et l\u2019ensemble de ses membres actifs dans le cadre de \u2026 <\/p>\n<p class=\"link-more\"><a href=\"https:\/\/akhamani.org\/fr\/privacy-policy\/\" class=\"more-link\">Continuer la lecture<span class=\"screen-reader-text\"> de \u00ab Politique de confidentialit\u00e9 \u00bb<\/span><\/a><\/p>","protected":false},"author":4,"featured_media":0,"parent":0,"menu_order":0,"comment_status":"closed","ping_status":"closed","template":"","meta":{"_acf_changed":false,"pmpro_default_level":"","slim_seo":{"title":"Privacy Policy - Akhamani","description":"Respect for privacy and the protection of personal data is a factor of trust, a value that is particularly important to Akhamani, which is committed to respecti"},"footnotes":""},"class_list":["post-66","page","type-page","status-publish","hentry","pmpro-has-access"],"acf":[],"_links":{"self":[{"href":"https:\/\/akhamani.org\/fr\/wp-json\/wp\/v2\/pages\/66","targetHints":{"allow":["GET"]}}],"collection":[{"href":"https:\/\/akhamani.org\/fr\/wp-json\/wp\/v2\/pages"}],"about":[{"href":"https:\/\/akhamani.org\/fr\/wp-json\/wp\/v2\/types\/page"}],"author":[{"embeddable":true,"href":"https:\/\/akhamani.org\/fr\/wp-json\/wp\/v2\/users\/4"}],"replies":[{"embeddable":true,"href":"https:\/\/akhamani.org\/fr\/wp-json\/wp\/v2\/comments?post=66"}],"version-history":[{"count":20,"href":"https:\/\/akhamani.org\/fr\/wp-json\/wp\/v2\/pages\/66\/revisions"}],"predecessor-version":[{"id":1184,"href":"https:\/\/akhamani.org\/fr\/wp-json\/wp\/v2\/pages\/66\/revisions\/1184"}],"wp:attachment":[{"href":"https:\/\/akhamani.org\/fr\/wp-json\/wp\/v2\/media?parent=66"}],"curies":[{"name":"wp","href":"https:\/\/api.w.org\/{rel}","templated":true}]}}