{"id":478,"date":"2020-11-11T21:51:48","date_gmt":"2020-11-11T20:51:48","guid":{"rendered":"https:\/\/akhamani.org\/?page_id=478"},"modified":"2022-09-01T12:40:58","modified_gmt":"2022-09-01T10:40:58","slug":"donations","status":"publish","type":"page","link":"https:\/\/akhamani.org\/fr\/donations\/","title":{"rendered":"Dons"},"content":{"rendered":"<h2 class=\"wp-block-heading\">Ce que fait Akhamani avec vos dons<\/h2>\n\n\n\n<p>Tous vos dons permettent \u00e0 Akhamani de venir en aide aux peuples ancestraux et aux populations vuln\u00e9rables du monde entier. <\/p>\n\n\n\n<nav class=\"breadcrumbs\" aria-label=\"Fil d&#039;Ariane\"><a href=\"https:\/\/akhamani.org\/fr\/\" class=\"breadcrumb breadcrumb--first\">Accueil<\/a> <span class='breadcrumbs__separator' aria-hidden='true'>\u00bb<\/span> <span class=\"breadcrumb breadcrumb--last\" aria-current=\"page\"><\/span><\/nav>\n\n\n\n<p>Nous leur apportons de la nourriture, des v\u00eatements, des m\u00e9dicaments de base, un soutien financier, une aide \u00e0 l'\u00e9ducation pour les jeunes et les femmes, nous aidons \u00e0 sauver, restaurer et promouvoir le patrimoine ancestral. Nous soutenons \u00e9galement des causes sp\u00e9cifiques telles que la restauration du monast\u00e8re de Tuvkhun et le projet de jardinage de Nabalaki. De plus, nous aidons \u00e0 promouvoir les diverses activit\u00e9s et \u00e9v\u00e9nements li\u00e9s aux pratiques ancestrales afin de rapprocher les m\u00e9thodes alternatives de bien-\u00eatre des soci\u00e9t\u00e9s modernes. Nous sommes profond\u00e9ment reconnaissants pour tous vos dons et votre soutien continu \u00e0 Akhamani et \u00e0 ce que nous sommes en train d'accomplir. <\/p>\n\n\n\n<figure class=\"wp-block-video\"><video height=\"360\" style=\"aspect-ratio: 640 \/ 360;\" width=\"640\" controls src=\"https:\/\/akhamani.org\/wp-content\/uploads\/2022\/09\/gratitude_video.mp4\"><\/video><\/figure>\n\n\n\n<div style=\"height:35px\" aria-hidden=\"true\" class=\"wp-block-spacer\"><\/div>\n\n\n\n<div class=\"wp-block-group\"><div class=\"wp-block-group__inner-container is-layout-flow wp-block-group-is-layout-flow\">\n<h2 class=\"wp-block-heading\"><br><strong>Dons<\/strong><\/h2>\n\n\n\n<p>Vous pouvez apporter une aide directe aux communaut\u00e9s ancestrales et aux populations vuln\u00e9rables du monde entier en faisant un don. Tous les dons sont pris en compte\u00a0<strong>des d\u00e9ductions fiscales pour les \u0153uvres de bienfaisance dans tous les pays europ\u00e9ens, aux \u00c9tats-Unis et dans d'autres parties du monde.<\/strong> <\/p>\n\n\n\n<p>Quand vous soutenez Akhamani, vous contribuez \u00e0 aider des populations, des cultures, des savoirs et des lieux qui tendent \u00e0 dispara\u00eetre, et vous cr\u00e9ez un v\u00e9ritable lien qui transcende les fronti\u00e8res. <\/p>\n\n\n\n<p>Veuillez indiquer le montant de votre don ci-dessous et laissez-nous une note pour nous informer du projet auquel votre don est destin\u00e9. Nous vous remercions de votre contribution et de votre soutien !<\/p>\n<\/div><\/div>\n\n\n<div class=\"wdgk_donation_content\">\r\n            <h3>Dons<\/h3>\r\n        \r\n    <div class=\"wdgk_display_option\"> \r\n        <span>\u20ac<\/span>\r\n        <input type=\"text\" name=\"donation-price\" class=\"wdgk_donation\" placeholder=\"Ex. 100\" value=\"\" >\r\n    <\/div>\r\n\r\n    \r\n    <textarea id=\"w3mission\" rows=\"3\" cols=\"20\" placeholder=\"Note\" name=\"donation_note\" class=\"donation_note\"><\/textarea>    <a href=\"javascript:void(0)\" class=\"button wdgk_add_donation\" data-single-dp=\"false\" data-product-id=\"357\" data-product-url=\"https:\/\/akhamani.org\/fr\/cart\/\">\r\n        Faire un Don    <\/a>\r\n    <input type=\"hidden\" name=\"wdgk_product_id\" value=\"\" class=\"wdgk_product_id\">\r\n    <input type=\"hidden\" name=\"wdgk_ajax_url\" value=\"https:\/\/akhamani.org\/wp-admin\/admin-ajax.php\" class=\"wdgk_ajax_url\">\r\n    <img decoding=\"async\" src=\"https:\/\/akhamani.org\/wp-content\/plugins\/woo-donations\/assets\/images\/ajax-loader.gif\" alt=\"wdgk loader image\" class=\"wdgk_loader wdgk_loader_img\">\r\n    <div class=\"wdgk_error_front\"><\/div>\r\n<\/div>\r\n\n\n\n\n<p><\/p>\n\n\n\n<div style=\"height:35px\" aria-hidden=\"true\" class=\"wp-block-spacer\"><\/div>\n\n\n\n<p>Pour en savoir plus sur notre intention premi\u00e8re, visitez notre <a href=\"https:\/\/akhamani.org\/fr\/about-us\/\" data-type=\"page\" data-id=\"37\">\u00c0-propos<\/a> la page <\/p>","protected":false},"excerpt":{"rendered":"<p>Ce que fait Akhamani avec vos dons Tous vos dons aident Akhamani \u00e0 aider les peuples ancestraux et les populations vuln\u00e9rables du monde entier. Nous leur apportons de la nourriture, des v\u00eatements, des m\u00e9dicaments de base, un soutien financier, nous aidons \u00e0 l&#039;\u00e9ducation des populations plus jeunes et des femmes, nous aidons \u00e0 sauver, restaurer et promouvoir le patrimoine ancestral. Nous soutenons \u00e9galement des causes sp\u00e9cifiques comme la \u2026 <\/p>\n<p class=\"link-more\"><a href=\"https:\/\/akhamani.org\/fr\/donations\/\" class=\"more-link\">Continuer la lecture<span class=\"screen-reader-text\"> de \u00ab Dons \u00bb<\/span><\/a><\/p>","protected":false},"author":4,"featured_media":0,"parent":0,"menu_order":0,"comment_status":"closed","ping_status":"closed","template":"","meta":{"_acf_changed":false,"pmpro_default_level":"","slim_seo":{"title":"Donations - Akhamani","description":"What Akhamani Does With Your Donations All of your donations assist Akhamani in helping ancestral people and vulnerable populations around the world. Accueil &r"},"footnotes":""},"class_list":["post-478","page","type-page","status-publish","hentry","pmpro-has-access"],"acf":[],"_links":{"self":[{"href":"https:\/\/akhamani.org\/fr\/wp-json\/wp\/v2\/pages\/478","targetHints":{"allow":["GET"]}}],"collection":[{"href":"https:\/\/akhamani.org\/fr\/wp-json\/wp\/v2\/pages"}],"about":[{"href":"https:\/\/akhamani.org\/fr\/wp-json\/wp\/v2\/types\/page"}],"author":[{"embeddable":true,"href":"https:\/\/akhamani.org\/fr\/wp-json\/wp\/v2\/users\/4"}],"replies":[{"embeddable":true,"href":"https:\/\/akhamani.org\/fr\/wp-json\/wp\/v2\/comments?post=478"}],"version-history":[{"count":24,"href":"https:\/\/akhamani.org\/fr\/wp-json\/wp\/v2\/pages\/478\/revisions"}],"predecessor-version":[{"id":2867,"href":"https:\/\/akhamani.org\/fr\/wp-json\/wp\/v2\/pages\/478\/revisions\/2867"}],"wp:attachment":[{"href":"https:\/\/akhamani.org\/fr\/wp-json\/wp\/v2\/media?parent=478"}],"curies":[{"name":"wp","href":"https:\/\/api.w.org\/{rel}","templated":true}]}}