{"id":3962,"date":"2024-12-15T19:45:52","date_gmt":"2024-12-15T18:45:52","guid":{"rendered":"https:\/\/akhamani.org\/?page_id=3962"},"modified":"2025-01-19T15:38:49","modified_gmt":"2025-01-19T14:38:49","slug":"wixarika-gallery","status":"publish","type":"page","link":"https:\/\/akhamani.org\/fr\/wixarika-gallery\/","title":{"rendered":"Galerie Wix\u00e1rika"},"content":{"rendered":"<figure class=\"wp-block-image size-large\"><img loading=\"lazy\" decoding=\"async\" width=\"400\" height=\"98\" src=\"https:\/\/akhamani.org\/wp-content\/uploads\/2020\/09\/AKH_Akhamani_Logo_Horizontal_F_2Color-e1601557524479.png\" alt=\"Akhamani\" class=\"wp-image-759\"\/><\/figure>\n\n\n\n<h2 class=\"wp-block-heading\">La Galerie d&#039;Art Wix\u00e1rika : Pr\u00e9server le patrimoine gr\u00e2ce \u00e0 l&#039;art<\/h2>\n\n\n\n<blockquote class=\"wp-block-quote is-layout-flow wp-block-quote-is-layout-flow\">\n<p><em>Ce projet vise \u00e0 cr\u00e9er un centre culturel g\u00e9r\u00e9 par la communaut\u00e9 mettant en valeur les riches traditions artistiques de la nation Wix\u00e1rika. La galerie servira \u00e0 la fois d\u2019espace d\u2019exposition et de march\u00e9, permettant aux visiteurs d\u2019appr\u00e9cier, d\u2019apprendre et d\u2019acheter de l\u2019artisanat Wix\u00e1rika authentique. En cr\u00e9ant ce lien direct entre les artistes et les visiteurs, le projet cherche \u00e0 assurer un avenir durable aux artisans Wix\u00e1rika, tout en offrant simultan\u00e9ment des opportunit\u00e9s \u00e9ducatives aux jeunes g\u00e9n\u00e9rations. Cette approche contribuera \u00e0 pr\u00e9server et \u00e0 promouvoir la continuit\u00e9 des pratiques culturelles Wix\u00e1rika, garantissant que leurs traditions dynamiques continueront de prosp\u00e9rer dans les ann\u00e9es \u00e0 venir.<\/em><\/p>\n<\/blockquote>\n\n\n\n<nav class=\"breadcrumbs\" aria-label=\"Fil d&#039;Ariane\"><a href=\"https:\/\/akhamani.org\/fr\/\" class=\"breadcrumb breadcrumb--first\">Accueil<\/a> <span class='breadcrumbs__separator' aria-hidden='true'>\u00bb<\/span> <span class=\"breadcrumb breadcrumb--last\" aria-current=\"page\"><\/span><\/nav>\n\n\n\n<div style=\"height:39px\" aria-hidden=\"true\" class=\"wp-block-spacer\"><\/div>\n\n\n\n<figure class=\"wp-block-image size-full\"><img loading=\"lazy\" decoding=\"async\" width=\"1015\" height=\"642\" src=\"https:\/\/akhamani.org\/wp-content\/uploads\/2024\/12\/cuadro1.jpeg\" alt=\"Cuadro1\" class=\"wp-image-3963\" srcset=\"https:\/\/akhamani.org\/wp-content\/uploads\/2024\/12\/cuadro1.jpeg 1015w, https:\/\/akhamani.org\/wp-content\/uploads\/2024\/12\/cuadro1-300x190.jpeg 300w, https:\/\/akhamani.org\/wp-content\/uploads\/2024\/12\/cuadro1-768x486.jpeg 768w, https:\/\/akhamani.org\/wp-content\/uploads\/2024\/12\/cuadro1-50x32.jpeg 50w, https:\/\/akhamani.org\/wp-content\/uploads\/2024\/12\/cuadro1-18x12.jpeg 18w, https:\/\/akhamani.org\/wp-content\/uploads\/2024\/12\/cuadro1-350x221.jpeg 350w\" sizes=\"auto, (max-width: 706px) 89vw, (max-width: 767px) 82vw, 740px\" \/><\/figure>\n\n\n\n<h2 class=\"wp-block-heading\">Le projet<\/h2>\n\n\n\n<p>Les Wix\u00e1rika (au pluriel : Wixaritari) sont une communaut\u00e9 indig\u00e8ne r\u00e9sidant dans la Sierra Madre occidentale, une r\u00e9gion recul\u00e9e du centre du Mexique. Leurs colonies restent largement \u00e9pargn\u00e9es par les influences urbaines modernes, pr\u00e9servant ainsi une identit\u00e9 culturelle unique. Malgr\u00e9 les d\u00e9fis importants qu&#039;ils doivent relever pour acc\u00e9der aux produits de premi\u00e8re n\u00e9cessit\u00e9 pour se d\u00e9velopper, les Wixaritari ont admirablement conserv\u00e9 leur riche patrimoine, notamment leurs v\u00eatements traditionnels, leur artisanat, leur musique, leur danse et d&#039;autres coutumes ancestrales.<\/p>\n\n\n\n<div class=\"wp-block-media-text has-media-on-the-right is-stacked-on-mobile\" style=\"grid-template-columns:auto 45%\"><div class=\"wp-block-media-text__content\">\n<p>Cette communaut\u00e9 regorge de talents artistiques, englobant des traditions visuelles, musicales et culinaires. Parmi leurs cr\u00e9ations les plus c\u00e9l\u00e8bres figurent des objets artisanaux complexes fabriqu\u00e9s \u00e0 partir de cire d&#039;abeille sur du bois, orn\u00e9s de minuscules perles traditionnelles appel\u00e9es \u00ab Chaquira \u00bb. Ces \u0153uvres d&#039;art vibrantes et uniques en leur genre ont acquis une reconnaissance mondiale pour leur beaut\u00e9 particuli\u00e8re.<\/p>\n\n\n\n<p>Les artisans Wix\u00e1rika excellent \u00e9galement dans d&#039;autres m\u00e9tiers traditionnels, notamment la peinture, le tissage, la broderie de v\u00eatements traditionnels et l&#039;art du fil sur planches. <strong>Cette page<\/strong> pr\u00e9sente une s\u00e9lection de leurs cr\u00e9ations artistiques, qui peuvent \u00eatre achet\u00e9es directement aupr\u00e8s des artistes via Akhamani. De plus, ils proposent leurs services, en cr\u00e9ant des pi\u00e8ces personnalis\u00e9es adapt\u00e9es aux pr\u00e9f\u00e9rences de chacun sur demande.<\/p>\n<\/div><figure class=\"wp-block-media-text__media\"><img loading=\"lazy\" decoding=\"async\" width=\"731\" height=\"1024\" src=\"https:\/\/akhamani.org\/wp-content\/uploads\/2024\/12\/lobo_cropped_image-731x1024.jpg\" alt=\"Lobo Cropped Image\" class=\"wp-image-4012 size-full\" srcset=\"https:\/\/akhamani.org\/wp-content\/uploads\/2024\/12\/lobo_cropped_image-731x1024.jpg 731w, https:\/\/akhamani.org\/wp-content\/uploads\/2024\/12\/lobo_cropped_image-214x300.jpg 214w, https:\/\/akhamani.org\/wp-content\/uploads\/2024\/12\/lobo_cropped_image-768x1076.jpg 768w, https:\/\/akhamani.org\/wp-content\/uploads\/2024\/12\/lobo_cropped_image-50x70.jpg 50w, https:\/\/akhamani.org\/wp-content\/uploads\/2024\/12\/lobo_cropped_image-9x12.jpg 9w, https:\/\/akhamani.org\/wp-content\/uploads\/2024\/12\/lobo_cropped_image-350x490.jpg 350w, https:\/\/akhamani.org\/wp-content\/uploads\/2024\/12\/lobo_cropped_image.jpg 871w\" sizes=\"auto, (max-width: 731px) 100vw, 731px\" \/><\/figure><\/div>\n\n\n\n<h2 class=\"wp-block-heading\">Ce qui est n\u00e9cessaire<\/h2>\n\n\n\n<p>La pierre angulaire de ce projet est d&#039;obtenir un financement ad\u00e9quat pour louer un lieu appropri\u00e9. Nous recherchons un emplacement abordable et facilement accessible qui r\u00e9ponde aux exigences de pr\u00e9sentation des produits et des traditions Wix\u00e1rika aux visiteurs. Cet espace permettra aux clients d&#039;acheter des \u0153uvres d&#039;art et des souvenirs traditionnels authentiques, avec l&#039;assurance que chaque article provient directement d&#039;artisans Wix\u00e1rika authentiques.<\/p>\n\n\n\n<h2 class=\"wp-block-heading\">L&#039;objectif<\/h2>\n\n\n\n<p>Bien qu\u2019il existe des galeries dans la r\u00e9gion, aucune n\u2019est vraiment authentique. Elles sont g\u00e9r\u00e9es par des interm\u00e9diaires \u00e9trangers qui profitent de la vente de l\u2019art Wix\u00e1rika, profitant du fait que les artistes locaux ne peuvent pas se permettre d\u2019avoir leurs propres espaces pour vendre directement leurs produits. Cette situation conduit \u00e0 une exploitation importante des artisans locaux et des communaut\u00e9s. Ainsi, notre projet vise \u00e0 \u00e9tablir une galerie enti\u00e8rement authentique, g\u00e9r\u00e9e par des Wixaritari natifs.<\/p>\n\n\n\n<h2 class=\"wp-block-heading\">Budget du projet<\/h2>\n\n\n\n<figure class=\"wp-block-table\"><table class=\"has-fixed-layout\"><tbody><tr><td><strong><mark style=\"background-color:rgba(0, 0, 0, 0)\" class=\"has-inline-color has-luminous-vivid-amber-color\">Position<\/mark><\/strong><\/td><td class=\"has-text-align-left\" data-align=\"left\"><strong><mark style=\"background-color:rgba(0, 0, 0, 0)\" class=\"has-inline-color has-luminous-vivid-amber-color\">Prix unitaire<\/mark><\/strong><\/td><td class=\"has-text-align-left\" data-align=\"left\"><strong><mark style=\"background-color:rgba(0, 0, 0, 0)\" class=\"has-inline-color has-luminous-vivid-amber-color\">Quantit\u00e9<\/mark><\/strong><\/td><td class=\"has-text-align-left\" data-align=\"left\"><strong><mark style=\"background-color:rgba(0, 0, 0, 0)\" class=\"has-inline-color has-luminous-vivid-amber-color\">Montant<\/mark><\/strong><\/td><\/tr><tr><td>Tableau<\/td><td class=\"has-text-align-left\" data-align=\"left\">\u20ac 62,52<\/td><td class=\"has-text-align-left\" data-align=\"left\">1 pi\u00e8ce<\/td><td class=\"has-text-align-left\" data-align=\"left\">\u20ac 62,52<\/td><\/tr><tr><td>\u00c9tag\u00e8re<\/td><td class=\"has-text-align-left\" data-align=\"left\">\u20ac 208,40<\/td><td class=\"has-text-align-left\" data-align=\"left\">1 pi\u00e8ce<\/td><td class=\"has-text-align-left\" data-align=\"left\">\u20ac 208,40<\/td><\/tr><tr><td>Vitrine<\/td><td class=\"has-text-align-left\" data-align=\"left\">\u20ac 104,20<\/td><td class=\"has-text-align-left\" data-align=\"left\">4 pi\u00e8ces<\/td><td class=\"has-text-align-left\" data-align=\"left\">\u20ac 416,80<\/td><\/tr><tr><td>Ordinateur<\/td><td class=\"has-text-align-left\" data-align=\"left\">\u20ac 781,50<\/td><td class=\"has-text-align-left\" data-align=\"left\">1 pi\u00e8ce<\/td><td class=\"has-text-align-left\" data-align=\"left\">\u20ac 781,50<\/td><\/tr><tr><td>Louer<\/td><td class=\"has-text-align-left\" data-align=\"left\">\u20ac 573,10<\/td><td class=\"has-text-align-left\" data-align=\"left\">2 mois<\/td><td class=\"has-text-align-left\" data-align=\"left\">\u20ac 1.146,20<\/td><\/tr><tr><td>Chaquira<\/td><td class=\"has-text-align-left\" data-align=\"left\">\u20ac 44,29<\/td><td class=\"has-text-align-left\" data-align=\"left\">30 kg<\/td><td class=\"has-text-align-left\" data-align=\"left\">\u20ac 1.328,55<\/td><\/tr><tr><td>Cire<\/td><td class=\"has-text-align-left\" data-align=\"left\">\u20ac 13,03<\/td><td class=\"has-text-align-left\" data-align=\"left\">15 kg<\/td><td class=\"has-text-align-left\" data-align=\"left\">\u20ac 195,38<\/td><\/tr><tr><td>Figurines en bois (petites)<\/td><td class=\"has-text-align-left\" data-align=\"left\">\u20ac 0,78<\/td><td class=\"has-text-align-left\" data-align=\"left\">200 pi\u00e8ces<\/td><td class=\"has-text-align-left\" data-align=\"left\">\u20ac 156,30<\/td><\/tr><tr><td>Figurines en bois (grandes)<\/td><td class=\"has-text-align-left\" data-align=\"left\">\u20ac 41,68<\/td><td class=\"has-text-align-left\" data-align=\"left\">5 pi\u00e8ces<\/td><td class=\"has-text-align-left\" data-align=\"left\">\u20ac 208,40<\/td><\/tr><tr><td>Fil<\/td><td class=\"has-text-align-left\" data-align=\"left\">\u20ac 1,82<\/td><td class=\"has-text-align-left\" data-align=\"left\">29 pi\u00e8ces<\/td><td class=\"has-text-align-left\" data-align=\"left\">\u20ac 52,88<\/td><\/tr><tr><td>Aiguilles<\/td><td class=\"has-text-align-left\" data-align=\"left\">\u20ac 1,30<\/td><td class=\"has-text-align-left\" data-align=\"left\">15 pi\u00e8ces<\/td><td class=\"has-text-align-left\" data-align=\"left\">\u20ac 19,54<\/td><\/tr><tr><td>Fil<\/td><td class=\"has-text-align-left\" data-align=\"left\">\u20ac 7,82<\/td><td class=\"has-text-align-left\" data-align=\"left\">60 kg<\/td><td class=\"has-text-align-left\" data-align=\"left\">\u20ac 468,90<\/td><\/tr><tr><td>Contre-plaqu\u00e9<\/td><td class=\"has-text-align-left\" data-align=\"left\">\u20ac 20,84<\/td><td class=\"has-text-align-left\" data-align=\"left\">10 pi\u00e8ces<\/td><td class=\"has-text-align-left\" data-align=\"left\">\u20ac 208,40<\/td><\/tr><tr><td>Fil pour les images<\/td><td class=\"has-text-align-left\" data-align=\"left\">\u20ac 3,65<\/td><td class=\"has-text-align-left\" data-align=\"left\">30 pi\u00e8ces<\/td><td class=\"has-text-align-left\" data-align=\"left\">\u20ac 109,41<\/td><\/tr><tr><td>Fonds de pr\u00e9voyance<br><sub>(frais bancaires, taux de change, frais divers et autres co\u00fbts impr\u00e9vus du projet)<\/sub><\/td><td class=\"has-text-align-left\" data-align=\"left\"><\/td><td class=\"has-text-align-left\" data-align=\"left\"><\/td><td class=\"has-text-align-left\" data-align=\"left\">\u20ac 636,83<\/td><\/tr><tr><td><\/td><td class=\"has-text-align-left\" data-align=\"left\"><\/td><td class=\"has-text-align-left\" data-align=\"left\"><\/td><td class=\"has-text-align-left\" data-align=\"left\"><\/td><\/tr><tr><td><strong><mark style=\"background-color:rgba(0, 0, 0, 0)\" class=\"has-inline-color has-luminous-vivid-amber-color\">Co\u00fbt total du projet<\/mark><\/strong><\/td><td class=\"has-text-align-left\" data-align=\"left\"><\/td><td class=\"has-text-align-left\" data-align=\"left\"><\/td><td class=\"has-text-align-left\" data-align=\"left\"><strong><mark style=\"background-color:rgba(0, 0, 0, 0)\" class=\"has-inline-color has-luminous-vivid-amber-color\">\u20ac 6.000,00<\/mark><\/strong><\/td><\/tr><\/tbody><\/table><\/figure>\n\n\n\n<h2 class=\"wp-block-heading\">La voie \u00e0 suivre<\/h2>\n\n\n\n<div class=\"wp-block-media-text is-stacked-on-mobile\" style=\"grid-template-columns:45% auto\"><figure class=\"wp-block-media-text__media\"><img loading=\"lazy\" decoding=\"async\" width=\"819\" height=\"1024\" src=\"https:\/\/akhamani.org\/wp-content\/uploads\/2024\/12\/aguila_alreves_cropped_image-819x1024.jpg\" alt=\"Aguila Alreves Cropped Image\" class=\"wp-image-4013 size-full\" srcset=\"https:\/\/akhamani.org\/wp-content\/uploads\/2024\/12\/aguila_alreves_cropped_image-819x1024.jpg 819w, https:\/\/akhamani.org\/wp-content\/uploads\/2024\/12\/aguila_alreves_cropped_image-240x300.jpg 240w, https:\/\/akhamani.org\/wp-content\/uploads\/2024\/12\/aguila_alreves_cropped_image-768x960.jpg 768w, https:\/\/akhamani.org\/wp-content\/uploads\/2024\/12\/aguila_alreves_cropped_image-50x63.jpg 50w, https:\/\/akhamani.org\/wp-content\/uploads\/2024\/12\/aguila_alreves_cropped_image-10x12.jpg 10w, https:\/\/akhamani.org\/wp-content\/uploads\/2024\/12\/aguila_alreves_cropped_image-350x438.jpg 350w, https:\/\/akhamani.org\/wp-content\/uploads\/2024\/12\/aguila_alreves_cropped_image.jpg 1162w\" sizes=\"auto, (max-width: 706px) 89vw, (max-width: 767px) 82vw, 740px\" \/><\/figure><div class=\"wp-block-media-text__content\">\n<p>Un collectif d\u2019artistes Wix\u00e1rika a pr\u00e9vu le temps et les ressources n\u00e9cessaires \u00e0 la cr\u00e9ation de la galerie. Ils sont pr\u00eats \u00e0 s\u2019engager pleinement dans ce projet une fois les fonds n\u00e9cessaires obtenus. La r\u00e9alisation de ce projet valorisera leur savoir-faire et contribuera \u00e0 pr\u00e9server leurs riches traditions culturelles. Cela leur permettra de r\u00e9duire l\u2019exploitation, de fixer des prix \u00e9quitables et de r\u00e9mun\u00e9rer correctement les artistes, am\u00e9liorant ainsi la qualit\u00e9 de vie des familles et de l\u2019ensemble de la nation Wix\u00e1rika.<\/p>\n\n\n\n<p>De plus, cette initiative non seulement am\u00e9liorera l\u2019avenir du peuple Wix\u00e1rika, mais contribuera \u00e9galement \u00e0 l\u2019autonomisation et \u00e0 l\u2019unification de diverses autres nations autochtones de la r\u00e9gion.<\/p>\n<\/div><\/div>\n\n\n\n<p>Akhamani aspire \u00e0 renforcer le lien entre les traditions ancestrales et le monde moderne, en veillant \u00e0 ce que ces traditions demeurent une part essentielle de notre exp\u00e9rience humaine mondiale. Gr\u00e2ce \u00e0 votre g\u00e9n\u00e9reux soutien, nous pouvons contribuer \u00e0 faire de ce r\u00eave d&#039;une nation enti\u00e8re une r\u00e9alit\u00e9.<\/p>\n\n\n\n<h2 class=\"wp-block-heading\">Art du fil<\/h2>\n\n\n\n<div class=\"wp-block-media-text has-media-on-the-right is-stacked-on-mobile\"><div class=\"wp-block-media-text__content\">\n<p><\/p>\n\n\n\n<p>La nation Wix\u00e1rika du Mexique a invent\u00e9 l&#039;art de la peinture au fil comme moyen de transf\u00e9rer les riches motifs de leur art spirituel de leurs c\u00e9ramiques et broderies \u00e0 une forme d&#039;art bidimensionnelle.<\/p>\n\n\n\n<p>Les \u0153uvres d&#039;art de la nation Wix\u00e1rika sont connues dans le monde entier pour leurs couleurs vives et leurs d\u00e9tails complexes. Leur travail est une forme unique d&#039;art textile, obtenue gr\u00e2ce \u00e0 l&#039;utilisation de brins de fil aux couleurs \u00e9clatantes. Ces brins sont appliqu\u00e9s sur des planches finement enduites de cire d&#039;abeille pour former les images vives et complexes de l&#039;art Wixarika.<\/p>\n\n\n\n<p><\/p>\n<\/div><figure class=\"wp-block-media-text__media\"><img loading=\"lazy\" decoding=\"async\" width=\"1024\" height=\"929\" src=\"https:\/\/akhamani.org\/wp-content\/uploads\/2024\/12\/cuadro7-1024x929.jpeg\" alt=\"Cuadro7\" class=\"wp-image-3964 size-full\" srcset=\"https:\/\/akhamani.org\/wp-content\/uploads\/2024\/12\/cuadro7-1024x929.jpeg 1024w, https:\/\/akhamani.org\/wp-content\/uploads\/2024\/12\/cuadro7-300x272.jpeg 300w, https:\/\/akhamani.org\/wp-content\/uploads\/2024\/12\/cuadro7-768x697.jpeg 768w, https:\/\/akhamani.org\/wp-content\/uploads\/2024\/12\/cuadro7-50x45.jpeg 50w, https:\/\/akhamani.org\/wp-content\/uploads\/2024\/12\/cuadro7-13x12.jpeg 13w, https:\/\/akhamani.org\/wp-content\/uploads\/2024\/12\/cuadro7-350x318.jpeg 350w, https:\/\/akhamani.org\/wp-content\/uploads\/2024\/12\/cuadro7.jpeg 1060w\" sizes=\"auto, (max-width: 706px) 89vw, (max-width: 767px) 82vw, 740px\" \/><\/figure><\/div>\n\n\n\n<p>Dans la cr\u00e9ation de chaque \u0153uvre d\u2019art, l\u2019artiste repr\u00e9sente sa tradition culturelle en tissant ensemble la symbolique ancienne de sa philosophie de vie avec ses exp\u00e9riences visionnaires.<\/p>\n\n\n\n<p>Les artistes traditionnels Wix\u00e1rika doivent d&#039;abord voir les motifs et les symboles dans un r\u00eave ou une vision avant de cr\u00e9er une \u0153uvre d&#039;art. De cette fa\u00e7on, les artistes transmettent leur exp\u00e9rience personnelle du divin aux autres par le biais de l&#039;art du fil. C&#039;est pourquoi les Wixaritari disent que leur art est une repr\u00e9sentation vivante du divin.<\/p>\n\n\n\n<p>Cet art, devenu connu dans le monde entier ces derni\u00e8res ann\u00e9es, est une sorte de code artistique qui r\u00e9sume la riche tradition du peuple Wix\u00e1rika.<\/p>\n\n\n\n<div style=\"height:36px\" aria-hidden=\"true\" class=\"wp-block-spacer\"><\/div>\n\n\n\n<div class=\"wp-block-group\"><div class=\"wp-block-group__inner-container is-layout-flow wp-block-group-is-layout-flow\">\n<h2 class=\"wp-block-heading\"><br><strong>Dons<\/strong><\/h2>\n\n\n\n<p>Vous pouvez apporter une aide directe aux communaut\u00e9s ancestrales et aux populations vuln\u00e9rables du monde entier en faisant un don. Tous les dons sont pris en compte\u00a0<strong>des d\u00e9ductions fiscales pour les \u0153uvres de bienfaisance dans tous les pays europ\u00e9ens, aux \u00c9tats-Unis et dans d'autres parties du monde.<\/strong> <\/p>\n\n\n\n<p>Quand vous soutenez Akhamani, vous contribuez \u00e0 aider des populations, des cultures, des savoirs et des lieux qui tendent \u00e0 dispara\u00eetre, et vous cr\u00e9ez un v\u00e9ritable lien qui transcende les fronti\u00e8res. <\/p>\n\n\n\n<p>Veuillez indiquer le montant de votre don ci-dessous et laissez-nous une note pour nous informer du projet auquel votre don est destin\u00e9. Nous vous remercions de votre contribution et de votre soutien !<\/p>\n<\/div><\/div>\n\n\n<div class=\"wdgk_donation_content\">\r\n            <h3>Dons<\/h3>\r\n        \r\n    <div class=\"wdgk_display_option\"> \r\n        <span>\u20ac<\/span>\r\n        <input type=\"text\" name=\"donation-price\" class=\"wdgk_donation\" placeholder=\"Ex. 100\" value=\"\" >\r\n    <\/div>\r\n\r\n    \r\n    <textarea id=\"w3mission\" rows=\"3\" cols=\"20\" placeholder=\"Note\" name=\"donation_note\" class=\"donation_note\"><\/textarea>    <a href=\"javascript:void(0)\" class=\"button wdgk_add_donation\" data-single-dp=\"false\" data-product-id=\"357\" data-product-url=\"https:\/\/akhamani.org\/fr\/cart\/\">\r\n        Faire un Don    <\/a>\r\n    <input type=\"hidden\" name=\"wdgk_product_id\" value=\"\" class=\"wdgk_product_id\">\r\n    <input type=\"hidden\" name=\"wdgk_ajax_url\" value=\"https:\/\/akhamani.org\/wp-admin\/admin-ajax.php\" class=\"wdgk_ajax_url\">\r\n    <img decoding=\"async\" src=\"https:\/\/akhamani.org\/wp-content\/plugins\/woo-donations\/assets\/images\/ajax-loader.gif\" alt=\"wdgk loader image\" class=\"wdgk_loader wdgk_loader_img\">\r\n    <div class=\"wdgk_error_front\"><\/div>\r\n<\/div>\r\n\n\n\n\n<p><\/p>\n\n\n\n<div style=\"height:24px\" aria-hidden=\"true\" class=\"wp-block-spacer\"><\/div>\n\n\n\n<p>Pour savoir plus sur ce que nous faisons avec votre aide, visitez <a href=\"https:\/\/akhamani.org\/fr\/events\/\">\u00c9v\u00e9nements<\/a> et la <a href=\"https:\/\/akhamani.org\/fr\/projects\/\">Projets<\/a> pages.<\/p>\n\n\n\n<p><\/p>","protected":false},"excerpt":{"rendered":"<p>The Wix\u00e1rika Art Gallery: Preserving Heritage Through Art This project aims to establish a community-managed cultural center showcasing the rich artistic traditions of the Wix\u00e1rika nation. The gallery will serve as both an exhibition space and a marketplace, allowing visitors to enjoy, learn about, and purchase authentic Wix\u00e1rika crafts. By creating this direct connection between &hellip; <\/p>\n<p class=\"link-more\"><a href=\"https:\/\/akhamani.org\/fr\/wixarika-gallery\/\" class=\"more-link\">Continuer la lecture<span class=\"screen-reader-text\"> de &laquo;&nbsp;Wix\u00e1rika Gallery&nbsp;&raquo;<\/span><\/a><\/p>","protected":false},"author":4,"featured_media":0,"parent":0,"menu_order":0,"comment_status":"closed","ping_status":"closed","template":"","meta":{"_acf_changed":false,"pmpro_default_level":"","slim_seo":{"facebook_image":"https:\/\/akhamani.org\/wp-content\/uploads\/2024\/12\/cuadro6_small.jpg","twitter_image":"https:\/\/akhamani.org\/wp-content\/uploads\/2024\/12\/cuadro6_small.jpg","title":"Wix\u00e1rika Gallery - Akhamani","description":"The Wix\u00e1rika Art Gallery: Preserving Heritage Through Art This project aims to establish a community-managed cultural center showcasing the rich artistic tradit"},"footnotes":""},"class_list":["post-3962","page","type-page","status-publish","hentry","pmpro-has-access"],"acf":[],"_links":{"self":[{"href":"https:\/\/akhamani.org\/fr\/wp-json\/wp\/v2\/pages\/3962","targetHints":{"allow":["GET"]}}],"collection":[{"href":"https:\/\/akhamani.org\/fr\/wp-json\/wp\/v2\/pages"}],"about":[{"href":"https:\/\/akhamani.org\/fr\/wp-json\/wp\/v2\/types\/page"}],"author":[{"embeddable":true,"href":"https:\/\/akhamani.org\/fr\/wp-json\/wp\/v2\/users\/4"}],"replies":[{"embeddable":true,"href":"https:\/\/akhamani.org\/fr\/wp-json\/wp\/v2\/comments?post=3962"}],"version-history":[{"count":40,"href":"https:\/\/akhamani.org\/fr\/wp-json\/wp\/v2\/pages\/3962\/revisions"}],"predecessor-version":[{"id":4045,"href":"https:\/\/akhamani.org\/fr\/wp-json\/wp\/v2\/pages\/3962\/revisions\/4045"}],"wp:attachment":[{"href":"https:\/\/akhamani.org\/fr\/wp-json\/wp\/v2\/media?parent=3962"}],"curies":[{"name":"wp","href":"https:\/\/api.w.org\/{rel}","templated":true}]}}