{"id":37,"date":"2020-08-18T22:24:50","date_gmt":"2020-08-18T20:24:50","guid":{"rendered":"https:\/\/akhamani.org\/?page_id=37"},"modified":"2025-12-21T13:30:00","modified_gmt":"2025-12-21T12:30:00","slug":"about-us","status":"publish","type":"page","link":"https:\/\/akhamani.org\/fr\/about-us\/","title":{"rendered":"\u00c0-propos"},"content":{"rendered":"<p>Akhamani est une association \u00e0 but non lucratif r\u00e9gie par la loi de 1901 en France.<\/p>\n\n\n\n<p><nav class=\"breadcrumbs\" aria-label=\"Fil d&#039;Ariane\"><a href=\"https:\/\/akhamani.org\/fr\/\" class=\"breadcrumb breadcrumb--first\">Accueil<\/a> <span class='breadcrumbs__separator' aria-hidden='true'>\u00bb<\/span> <span class=\"breadcrumb breadcrumb--last\" aria-current=\"page\"><\/span><\/nav><br><br><\/p>\n\n\n\n<figure class=\"wp-block-image size-large\"><img loading=\"lazy\" decoding=\"async\" width=\"400\" height=\"98\" src=\"https:\/\/akhamani.org\/wp-content\/uploads\/2020\/09\/AKH_Akhamani_Logo_Horizontal_F_2Color-e1601557524479.png\" alt=\"AKH_Akhamani_Logo\" class=\"wp-image-759\"\/><\/figure>\n\n\n\n<h2 class=\"wp-block-heading\">L'Association<\/h2>\n\n\n\n<p>Les buts de l'association sont:<\/p>\n\n\n\n<p class=\"has-drop-cap\">1ere, aider les peuples ancestraux dans les r\u00e9gions \u00e9loign\u00e9es, et les communaut\u00e9s plus ou moins isol\u00e9es du monde, tout en respectant leurs diff\u00e9rentes visions du monde, leur sagesse traditionnelle, et leur mode de vie. L'intention est de leur apporter des ressources comme de la nourriture, des v\u00eatements, des savoir techniques, des m\u00e9dicaments essentiels et du mat\u00e9riel param\u00e9dicaux, et de soutenir des communaut\u00e9s qui abritent principalement les populations vuln\u00e9rables tels que les personnes \u00e2g\u00e9es, les femmes, et les enfants.<\/p>\n\n\n\n<p class=\"has-drop-cap\">2\u00e8me, fournir une structure et une plateforme aux leaders et pratiquants Ancestraux des communaut\u00e9s cit\u00e9s ci-dessus, pour partager leurs histoires, leurs pratiques, et leurs techniques ancestrales, dans le but de d\u00e9velopper, collectivement, un monde plus conscient, durable, et libre. <\/p>\n\n\n\n<p class=\"has-drop-cap\">3\u00e8me, aider les participants \u00e0 nos activit\u00e9s \u00e0 se familiariser avec les philosophies ancestrales du monde en promouvant les connaissances traditionnelles de ces peuples ancestraux comme une contribution importante au d\u00e9veloppement et au bien-\u00eatre humain. Le but \u00e9tant d\u2019introduire des pratiques vari\u00e9es qui motivent, guide, et accompagne le d\u00e9veloppement de soi, le bien-\u00eatre, la pleine conscience, et les techniques \u00e9nerg\u00e9tiques.<\/p>\n\n\n\n<p>L\u2019association a pour but d\u2019allier ces trois objectifs dans une approche holistique.<\/p>\n\n\n\n<p><strong>Rejoignez-nous!<\/strong> <\/p>\n\n\n\n<p>Pour rejoindre l'association, vous devez adh\u00e9rer \u00e0 ses statuts, payer les frais d'adh\u00e9sion le cas \u00e9ch\u00e9ant, et \u00eatre parrain\u00e9 par un membre existant. En tant qu'adh\u00e9rent vous aurez des droits sp\u00e9ciaux au sein de l'association comme l'acc\u00e8s prioritaire aux activit\u00e9s de l'association et la participation au forum priv\u00e9s des membres de l'Association.<\/p>\n\n\n\n<p>L'association interdit et s'abstient de toute discrimination, veille au respect de ce principe et garantit la libert\u00e9 de conscience \u00e0 chacun de ses membres.<\/p>\n\n\n\n<div class=\"wp-block-buttons is-layout-flex wp-block-buttons-is-layout-flex\">\n<div class=\"wp-block-button is-style-fill\"><a class=\"wp-block-button__link has-white-color has-text-color has-background wp-element-button\" href=\"https:\/\/akhamani.org\/fr\/membership\/\" style=\"background-color:#c9952a\">Rejoignez-nous!<\/a><\/div>\n<\/div>\n\n\n\n<h2 class=\"wp-block-heading\">La Fondatrice<\/h2>\n\n\n\n<h3 class=\"wp-block-heading\">Crizalia Le Blan<\/h3>\n\n\n\n<div class=\"wp-block-group\"><div class=\"wp-block-group__inner-container is-layout-flow wp-block-group-is-layout-flow\">\n<p class=\"has-text-align-left\"><meta charset=\"utf-8\">J'ai voyag\u00e9 dans diff\u00e9rents lieux sacr\u00e9s du monde, travaillant avec, assistant et apprenant de diverses pratiques ancestrales comme les bouddhistes du Tibet, du N\u00e9pal, de l'Inde et de l'Europe, les hindouistes de l'Inde, les Am\u00e9rindiens d'Am\u00e9rique du Nord, les Tolt\u00e8ques, les Wixaritari\/Huichol et les Otomi du Mexique, les Q'ero du P\u00e9rou, les tribus africaines, les chamans de Mongolie, les Mamo de Colombie, les Maori de Nouvelle-Z\u00e9lande et les praticiens ancestraux europ\u00e9ens. <\/p>\n\n\n\n<div class=\"wp-block-columns is-layout-flex wp-container-core-columns-is-layout-9d6595d7 wp-block-columns-is-layout-flex\">\n<div class=\"wp-block-column is-layout-flow wp-block-column-is-layout-flow\">\n<p class=\"has-text-align-center has-black-color has-text-color\" style=\"font-size:18px\"><img loading=\"lazy\" decoding=\"async\" width=\"210\" height=\"373\" class=\"wp-image-144\" style=\"width: 210px;\" src=\"https:\/\/akhamani.org\/wp-content\/uploads\/2020\/08\/crizalia_bell.jpeg\" alt=\"The Gobi desert's northern entrance bell to Shambhala in Mongolia\" srcset=\"https:\/\/akhamani.org\/wp-content\/uploads\/2020\/08\/crizalia_bell.jpeg 608w, https:\/\/akhamani.org\/wp-content\/uploads\/2020\/08\/crizalia_bell-169x300.jpeg 169w, https:\/\/akhamani.org\/wp-content\/uploads\/2020\/08\/crizalia_bell-576x1024.jpeg 576w, https:\/\/akhamani.org\/wp-content\/uploads\/2020\/08\/crizalia_bell-350x622.jpeg 350w\" sizes=\"auto, (max-width: 210px) 100vw, 210px\" \/><\/p>\n<\/div>\n\n\n\n<div class=\"wp-block-column is-layout-flow wp-block-column-is-layout-flow\">\n<p class=\"has-text-align-left has-black-color has-text-color\">Bien que j'aie appris de diff\u00e9rentes lign\u00e9es de sagesse ancestrale, je ne repr\u00e9sente pas une lign\u00e9e particuli\u00e8re. J'essaie simplement de consid\u00e9rer et d'int\u00e9grer la sagesse du monde telle qu'elle est enseign\u00e9e par les anciens, et telle que je l\u2019exp\u00e9rimente et apprends gr\u00e2ce toutes aux le\u00e7ons enrichies de ma vie.<\/p>\n\n\n\n<p><meta charset=\"utf-8\">La cr\u00e9ation d'Akhamani s\u2019inscrit dans la continuit\u00e9 de mon parcours pour d\u2019une part, pr\u00e9senter la sagesse ancestrale comme un outil de pleine conscience pertinent pour les soci\u00e9t\u00e9s modernes. Mon espoir est d'aider \u00e0 promouvoir la pr\u00e9sence consciente. Et d\u2019autre part, apporter de l'aide aux communaut\u00e9s du monde qui sont les plus vuln\u00e9rables et qui ont besoin d'aide pour r\u00e9pondre \u00e0 leurs besoins fondamentaux et \u00e0 l\u2019\u00e9ducation.<\/p>\n<\/div>\n<\/div>\n<\/div><\/div>\n\n\n\n<h2 class=\"wp-block-heading\">Fr\u00e9d\u00e9ric Fi\u00e9vez<\/h2>\n\n\n\n<p>J\u2019ai rencontr\u00e9 Crizalia il y a quelques ann\u00e9es, au sein d\u2019une association ou nous \u00e9tions tous les deux membres actifs. Depuis cette date, Crizalia et sa famille sont devenus plus que des amis. Nos rencontres sont toujours des moments de joie, d\u2019\u00e9changes.<\/p>\n\n\n\n<div class=\"wp-block-media-text alignwide is-stacked-on-mobile\" style=\"grid-template-columns:41% auto\"><figure class=\"wp-block-media-text__media\"><img loading=\"lazy\" decoding=\"async\" width=\"687\" height=\"831\" src=\"https:\/\/akhamani.org\/wp-content\/uploads\/2021\/07\/214859749_562492781799839_382696656603173476_n.jpg\" alt=\"\" class=\"wp-image-2022 size-full\" srcset=\"https:\/\/akhamani.org\/wp-content\/uploads\/2021\/07\/214859749_562492781799839_382696656603173476_n.jpg 687w, https:\/\/akhamani.org\/wp-content\/uploads\/2021\/07\/214859749_562492781799839_382696656603173476_n-248x300.jpg 248w, https:\/\/akhamani.org\/wp-content\/uploads\/2021\/07\/214859749_562492781799839_382696656603173476_n-10x12.jpg 10w, https:\/\/akhamani.org\/wp-content\/uploads\/2021\/07\/214859749_562492781799839_382696656603173476_n-350x423.jpg 350w, https:\/\/akhamani.org\/wp-content\/uploads\/2021\/07\/214859749_562492781799839_382696656603173476_n-50x60.jpg 50w, https:\/\/akhamani.org\/wp-content\/uploads\/2021\/07\/214859749_562492781799839_382696656603173476_n-74x90.jpg 74w\" sizes=\"auto, (max-width: 687px) 100vw, 687px\" \/><\/figure><div class=\"wp-block-media-text__content\">\n<p>J\u2019ai \u00e9t\u00e9 victime en octobre 2020 de la covid 19 dans sa forme la plus grave ayant n\u00e9cessit\u00e9 notamment trois semaines tr\u00e8s compliqu\u00e9es  en r\u00e9animation o\u00f9 j\u2019ai \u00e9t\u00e9 plac\u00e9 dans le coma et en \u00ab mort imminente \u00bb \u00e0 plusieurs reprises. Cette \u00e9preuve terrible me laisse encore beaucoup de s\u00e9quelles physiques et psychologiques, elle m\u2019a aussi fait prendre conscience qu\u2019il \u00e9tait temps de changer mon mod\u00e8le de vie.<\/p>\n\n\n\n<p>J\u2019ai toujours aim\u00e9 le milieu associatif, \u00e0 18 ans j\u2019\u00e9tais le pr\u00e9sident de la maison des jeunes dans mon village, puis de 2008 \u00e0 2018 b\u00e9n\u00e9vole aux Restos Du C\u0153ur en tant que maraudeur et enfin de 2016 \u00e0 2020, membre du Bureau puis Pr\u00e9sident de l\u2019association Franco Am\u00e9ricaine de Lambersart.<\/p>\n<\/div><\/div>\n\n\n\n<p>Grace \u00e0 mes exp\u00e9riences professionnelles dans des Directions Financi\u00e8res tout d\u2019abord d\u2019un tr\u00e8s grand groupe industriel Am\u00e9ricain, puis dans une SSII Europ\u00e9enne et actuellement dans une grande enseigne fran\u00e7aise de vente de produits culturels, j\u2019ai d\u00e9cid\u00e9 d\u2019apporter mon aide totalement gracieuse \u00e0 AKHAMANI pour structurer et g\u00e9rer la partie administrative et financi\u00e8re afin de permettre \u00e0 Crizalia de se consacrer uniquement \u00e0 la vie de l\u2019association.<\/p>\n\n\n\n<p>Transmettre mon exp\u00e9rience est aussi quelque chose d\u2019important, depuis plusieurs ann\u00e9es j\u2019enseigne, quelques heures par semaines, aupr\u00e8s de l\u2019Universit\u00e9 de Lille, les modules de comptabilit\u00e9, fiscalit\u00e9 et cr\u00e9ation d\u2019entreprise.<\/p>\n\n\n\n<h2 class=\"wp-block-heading\">Sabine Fi\u00e9vez<\/h2>\n\n\n\n<p>En retraite depuis mai 2020, j\u2019ai occup\u00e9 un emploi de charg\u00e9e d\u2019\u00e9tudes dans un grand groupe de protection sociale. J\u2019ai d\u00e9but\u00e9 \u00e0 l\u2019antenne de Lille, puis au si\u00e8ge social situ\u00e9  dans les Yvelines durant 21 ans et enfin un retour sur Lille pour mes derni\u00e8res ann\u00e9es de travail.<\/p>\n\n\n\n<div class=\"wp-block-media-text alignwide is-stacked-on-mobile\" style=\"grid-template-columns:42% auto\"><figure class=\"wp-block-media-text__media\"><img loading=\"lazy\" decoding=\"async\" width=\"686\" height=\"830\" src=\"https:\/\/akhamani.org\/wp-content\/uploads\/2021\/07\/215606319_545441426591856_1586035701374253408_n.jpg\" alt=\"\" class=\"wp-image-2025 size-full\" srcset=\"https:\/\/akhamani.org\/wp-content\/uploads\/2021\/07\/215606319_545441426591856_1586035701374253408_n.jpg 686w, https:\/\/akhamani.org\/wp-content\/uploads\/2021\/07\/215606319_545441426591856_1586035701374253408_n-248x300.jpg 248w, https:\/\/akhamani.org\/wp-content\/uploads\/2021\/07\/215606319_545441426591856_1586035701374253408_n-10x12.jpg 10w, https:\/\/akhamani.org\/wp-content\/uploads\/2021\/07\/215606319_545441426591856_1586035701374253408_n-350x423.jpg 350w, https:\/\/akhamani.org\/wp-content\/uploads\/2021\/07\/215606319_545441426591856_1586035701374253408_n-50x60.jpg 50w, https:\/\/akhamani.org\/wp-content\/uploads\/2021\/07\/215606319_545441426591856_1586035701374253408_n-74x90.jpg 74w\" sizes=\"auto, (max-width: 686px) 100vw, 686px\" \/><\/figure><div class=\"wp-block-media-text__content\">\n<p>La question s\u2019est pos\u00e9e de trouver une (ou des) occupation(s) pendant ma retraite. M\u00e8re de deux enfants et grand-m\u00e8re de 3 petits enfants, comment concilier les plusieurs choix qui se proposaient :<\/p>\n\n\n\n<p>Reprendre ce qui a \u00e9t\u00e9 une passion dans mon adolescence \u00e0 savoir le violon que j\u2019ai pratiqu\u00e9 pendant 11 ans au conservatoire de Lille; M\u2019occuper de mon autre passion, les animaux. Pendant ma jeunesse je fus b\u00e9n\u00e9vole \u00e0 la SPA de Lille, et depuis quelques ann\u00e9es je suis b\u00e9n\u00e9vole dans une association de sauvegarde des \u00e9quid\u00e9s; &amp; M\u2019occuper de mes petits-enfants.<\/p>\n<\/div><\/div>\n\n\n\n<p>Puis mon amie Crizalia m\u2019a parl\u00e9 de son association, et ce fut comme une \u00e9vidence pour moi, il fallait que je puisse apporter mon aide (tout en la conciliant avec mes autres choix) ce qui f\u00fbt beaucoup plus facile que pr\u00e9vu car la passion, l\u2019engagement de Crizalia m\u2019a tr\u00e8s vite convaincue de la rejoindre, il est vrai que je partage \u00e9norm\u00e9ment de points communs avec elle.<br><br>J\u2019ai donc d\u00e9cid\u00e9 de m\u2019investir dans la mise en \u0153uvre d\u2019\u00e9v\u00e9nements permettant de promouvoir l\u2019association notamment dans la r\u00e9gion de Lille, lieu du si\u00e8ge social de l\u2019association.<\/p>\n\n\n\n<h2 class=\"wp-block-heading\">Membres d'Honneur<\/h2>\n\n\n\n<p>Le statut de membre honoraire est attribu\u00e9 aux personnes qui ont contribu\u00e9 de mani\u00e8re significative \u00e0 l'Association. Nous sommes tr\u00e8s reconnaissants de leur soutien et de leur contribution \u00e0 la survie de l'Association.  <\/p>\n\n\n\n<h3 class=\"wp-block-heading\">G\u00e9rard Stefanicki<\/h3>\n\n\n\n<p>Akhamani est profond\u00e9ment reconnaissante en vers G\u00e9rard Stefanicki pour son soutien inconditionnel \u00e0 nos activit\u00e9s et \u00e0 nos causes humanitaires.<\/p>\n\n\n\n<div class=\"wp-block-media-text alignwide is-stacked-on-mobile is-vertically-aligned-center\" style=\"grid-template-columns:37% auto\"><figure class=\"wp-block-media-text__media\"><img loading=\"lazy\" decoding=\"async\" width=\"1024\" height=\"1024\" src=\"https:\/\/akhamani.org\/wp-content\/uploads\/2020\/09\/119655143_1023079954804409_3766651205885211919_n-1024x1024.jpg\" alt=\"akhamani_honorary_memeber\" class=\"wp-image-691 size-full\"\/><\/figure><div class=\"wp-block-media-text__content\">\n<p>Je suis n\u00e9 et j'ai grandi en Suisse, mais mes racines sont Polonais, Fran\u00e7aise et Suisse. Je suis un physicien et j'ai travaill\u00e9 de nombreuses ann\u00e9es dans la recherche environnementale.<br><br>Maintenant que je suis \u00e0 la retraite, je peux continuer \u00e0 voyager et \u00e0 experiencer la beaut\u00e9 de la montagne.<\/p>\n\n\n\n<p>Astrid, ma femme, m'a amen\u00e9 tout doucement \u00e0 la spiritualit\u00e9. Quand elle est d\u00e9c\u00e9d\u00e9e, dans mon d\u00e9sespoir, mon choc et mon chagrin, j'ai rencontr\u00e9 Crizalia et elle m'a aid\u00e9, et m'aide encore, \u00e0 revenir \u00e0 la vie. <\/p>\n<\/div><\/div>\n\n\n\n<p>J'en suis venu \u00e0 r\u00e9aliser que, pour moi, il n'y a rien de plus important que la tol\u00e9rance, la compassion et l'amour.<\/p>\n\n\n\n<p class=\"has-text-align-left\">Maintenant que vous nous connaissez, d\u00e9couvrez nos <a href=\"https:\/\/akhamani.org\/fr\/ambassadors\/\" data-type=\"page\" data-id=\"48\">Ambassadeurs<\/a>. Pour savoir plus sur ce que nous faisons avec votre aide, visitez notre <a href=\"https:\/\/akhamani.org\/fr\/donations\/\" data-type=\"page\" data-id=\"478\">Dons<\/a> la page <\/p>","protected":false},"excerpt":{"rendered":"<p>Akhamani est une association \u00e0 but non lucratif r\u00e9gie par la loi 1901 en France. L&#039;Association Les intentions de l&#039;association sont : 1\u00b0, d&#039;aider les peuples ancestraux des r\u00e9gions recul\u00e9es et, plus ou moins, les communaut\u00e9s isol\u00e9es du monde, tout en respectant leurs diff\u00e9rentes visions du monde, leur sagesse traditionnelle et leur mode de vie. L&#039;intention est \u2026 <\/p>\n<p class=\"link-more\"><a href=\"https:\/\/akhamani.org\/fr\/about-us\/\" class=\"more-link\">Continuer la lecture<span class=\"screen-reader-text\"> de \u00ab \u00c0 propos de nous \u00bb<\/span><\/a><\/p>","protected":false},"author":4,"featured_media":0,"parent":0,"menu_order":0,"comment_status":"closed","ping_status":"closed","template":"","meta":{"_acf_changed":false,"pmpro_default_level":"","slim_seo":{"title":"About Us - Akhamani","description":"Akhamani is a nonprofit association governed by the law of 1901 in France. Accueil &raquo; The Association The intentions of the association are: 1st, to help a"},"footnotes":""},"class_list":["post-37","page","type-page","status-publish","hentry","pmpro-has-access"],"acf":[],"_links":{"self":[{"href":"https:\/\/akhamani.org\/fr\/wp-json\/wp\/v2\/pages\/37","targetHints":{"allow":["GET"]}}],"collection":[{"href":"https:\/\/akhamani.org\/fr\/wp-json\/wp\/v2\/pages"}],"about":[{"href":"https:\/\/akhamani.org\/fr\/wp-json\/wp\/v2\/types\/page"}],"author":[{"embeddable":true,"href":"https:\/\/akhamani.org\/fr\/wp-json\/wp\/v2\/users\/4"}],"replies":[{"embeddable":true,"href":"https:\/\/akhamani.org\/fr\/wp-json\/wp\/v2\/comments?post=37"}],"version-history":[{"count":84,"href":"https:\/\/akhamani.org\/fr\/wp-json\/wp\/v2\/pages\/37\/revisions"}],"predecessor-version":[{"id":4512,"href":"https:\/\/akhamani.org\/fr\/wp-json\/wp\/v2\/pages\/37\/revisions\/4512"}],"wp:attachment":[{"href":"https:\/\/akhamani.org\/fr\/wp-json\/wp\/v2\/media?parent=37"}],"curies":[{"name":"wp","href":"https:\/\/api.w.org\/{rel}","templated":true}]}}