{"id":1100,"date":"2020-11-19T13:24:30","date_gmt":"2020-11-19T12:24:30","guid":{"rendered":"https:\/\/akhamani.org\/?page_id=1100"},"modified":"2025-11-07T09:13:09","modified_gmt":"2025-11-07T08:13:09","slug":"projects","status":"publish","type":"page","link":"https:\/\/akhamani.org\/fr\/projects\/","title":{"rendered":"Projets"},"content":{"rendered":"<figure class=\"wp-block-image size-large\"><img loading=\"lazy\" decoding=\"async\" width=\"400\" height=\"98\" src=\"https:\/\/akhamani.org\/wp-content\/uploads\/2020\/09\/AKH_Akhamani_Logo_Horizontal_F_2Color-e1601557524479.png\" alt=\"Akhamani\" class=\"wp-image-759\"\/><\/figure>\n\n\n\n<h2 class=\"wp-block-heading\">Objectifs partag\u00e9s des projets: <\/h2>\n\n\n\n<ul class=\"wp-block-list\">\n<li>Fournir de la nourriture, des m\u00e9dicaments de base, un logement, des v\u00eatements, des couvertures, de l'eau potable et des \u00e9quipements communautaires aux personnes dans le besoin ;<\/li>\n\n\n\n<li>Soutenir les projets communautaires qui favorisent l'\u00e9ducation, l'ind\u00e9pendance et la sant\u00e9 des femmes ; <\/li>\n\n\n\n<li>Aider \u00e0 maintenir et \u00e0 promouvoir l'h\u00e9ritage ancestral du monde. &nbsp;<br><br><nav class=\"breadcrumbs\" aria-label=\"Fil d&#039;Ariane\"><a href=\"https:\/\/akhamani.org\/fr\/\" class=\"breadcrumb breadcrumb--first\">Accueil<\/a> <span class='breadcrumbs__separator' aria-hidden='true'>\u00bb<\/span> <span class=\"breadcrumb breadcrumb--last\" aria-current=\"page\"><\/span><\/nav><\/li>\n<\/ul>\n\n\n\n<p><\/p>\n\n\n\n<h2 class=\"wp-block-heading\">La Galerie d&#039;Art Wix\u00e1rika : Pr\u00e9server le patrimoine gr\u00e2ce \u00e0 l&#039;art<\/h2>\n\n\n\n<div class=\"wp-block-media-text is-stacked-on-mobile\"><figure class=\"wp-block-media-text__media\"><img loading=\"lazy\" decoding=\"async\" width=\"800\" height=\"828\" src=\"https:\/\/akhamani.org\/wp-content\/uploads\/2024\/12\/cuadro6_small.jpg\" alt=\"Cuadro6 Small\" class=\"wp-image-4024 size-full\" srcset=\"https:\/\/akhamani.org\/wp-content\/uploads\/2024\/12\/cuadro6_small.jpg 800w, https:\/\/akhamani.org\/wp-content\/uploads\/2024\/12\/cuadro6_small-290x300.jpg 290w, https:\/\/akhamani.org\/wp-content\/uploads\/2024\/12\/cuadro6_small-768x795.jpg 768w, https:\/\/akhamani.org\/wp-content\/uploads\/2024\/12\/cuadro6_small-50x52.jpg 50w, https:\/\/akhamani.org\/wp-content\/uploads\/2024\/12\/cuadro6_small-12x12.jpg 12w, https:\/\/akhamani.org\/wp-content\/uploads\/2024\/12\/cuadro6_small-350x362.jpg 350w\" sizes=\"auto, (max-width: 706px) 89vw, (max-width: 767px) 82vw, 740px\" \/><\/figure><div class=\"wp-block-media-text__content\">\n<p><em>Ce projet vise \u00e0 \u00e9tablir un centre culturel g\u00e9r\u00e9 par la communaut\u00e9 mettant en valeur les riches traditions artistiques de la nation Wix\u00e1rika<\/em>, alors que<em> contribuer \u00e0 la sauvegarde et \u00e0 la promotion de la continuit\u00e9 des pratiques culturelles Wix\u00e1rika<\/em><\/p>\n\n\n\n<p><em>En cr\u00e9ant un lien direct entre les artistes et les visiteurs, le projet cherche \u00e0 assurer un avenir durable aux artisans Wix\u00e1rika, tout en offrant simultan\u00e9ment des opportunit\u00e9s \u00e9ducatives aux jeunes g\u00e9n\u00e9rations.<\/em>, <em>afin de garantir que leurs traditions dynamiques continuent de prosp\u00e9rer dans les ann\u00e9es \u00e0 venir.<\/em><\/p>\n<\/div><\/div>\n\n\n\n<p>Pour en savoir plus, veuillez visiter le&nbsp;<a href=\"https:\/\/akhamani.org\/fr\/wixarika-gallery\/\" title=\"\">La Galerie d&#039;Art Wix\u00e1rika<\/a> la page<\/p>\n\n\n\n<h2 class=\"wp-block-heading\">\"Together Rising\"<\/h2>\n\n\n\n<div class=\"wp-block-media-text alignwide is-stacked-on-mobile\"><figure class=\"wp-block-media-text__media\"><img loading=\"lazy\" decoding=\"async\" width=\"720\" height=\"720\" src=\"https:\/\/akhamani.org\/wp-content\/uploads\/2021\/03\/159939268_138159348207318_6208434095192036059_n.jpg\" alt=\"\" class=\"wp-image-1450 size-full\" srcset=\"https:\/\/akhamani.org\/wp-content\/uploads\/2021\/03\/159939268_138159348207318_6208434095192036059_n.jpg 720w, https:\/\/akhamani.org\/wp-content\/uploads\/2021\/03\/159939268_138159348207318_6208434095192036059_n-300x300.jpg 300w, https:\/\/akhamani.org\/wp-content\/uploads\/2021\/03\/159939268_138159348207318_6208434095192036059_n-150x150.jpg 150w, https:\/\/akhamani.org\/wp-content\/uploads\/2021\/03\/159939268_138159348207318_6208434095192036059_n-12x12.jpg 12w, https:\/\/akhamani.org\/wp-content\/uploads\/2021\/03\/159939268_138159348207318_6208434095192036059_n-100x100.jpg 100w, https:\/\/akhamani.org\/wp-content\/uploads\/2021\/03\/159939268_138159348207318_6208434095192036059_n-250x250.jpg 250w, https:\/\/akhamani.org\/wp-content\/uploads\/2021\/03\/159939268_138159348207318_6208434095192036059_n-350x350.jpg 350w, https:\/\/akhamani.org\/wp-content\/uploads\/2021\/03\/159939268_138159348207318_6208434095192036059_n-60x60.jpg 60w, https:\/\/akhamani.org\/wp-content\/uploads\/2021\/03\/159939268_138159348207318_6208434095192036059_n-90x90.jpg 90w\" sizes=\"auto, (max-width: 720px) 100vw, 720px\" \/><\/figure><div class=\"wp-block-media-text__content\">\n<p>L'intention d'Akhamani est d'aider \"Together Rising\" \u00e0 am\u00e9liorer le niveau de vie des communaut\u00e9s de Busia, au Kenya. Le projet vise \u00e0 permettre aux jeunes et aux femmes de gagner leur vie, \u00e0 soutenir les \u00e9coles en am\u00e9liorant les infrastructures, et \u00e0 permettre l'acc\u00e8s aux produits de premi\u00e8re n\u00e9cessit\u00e9 comme la nourriture, l'eau, l'\u00e9ducation \u00e0 l'hygi\u00e8ne et le mat\u00e9riel scolaire.<\/p>\n<\/div><\/div>\n\n\n\n<p>Pour en savoir plus sur ce projet, visitez la <a href=\"https:\/\/akhamani.org\/fr\/together-rising\/\" data-type=\"page\" data-id=\"791\">\"Together Rising\"<\/a> la page <\/p>\n\n\n\n<h2 class=\"wp-block-heading\">Soutien au Monast\u00e8re de Tuvkhun <\/h2>\n\n\n\n<div class=\"wp-block-media-text alignwide is-stacked-on-mobile\"><figure class=\"wp-block-media-text__media\"><img loading=\"lazy\" decoding=\"async\" width=\"704\" height=\"426\" src=\"https:\/\/akhamani.org\/wp-content\/uploads\/2020\/11\/125400629_704570766830886_1898938046653627617_n.png\" alt=\"125400629_704570766830886_1898938046653627617_n\" class=\"wp-image-1197 size-full\" srcset=\"https:\/\/akhamani.org\/wp-content\/uploads\/2020\/11\/125400629_704570766830886_1898938046653627617_n.png 704w, https:\/\/akhamani.org\/wp-content\/uploads\/2020\/11\/125400629_704570766830886_1898938046653627617_n-300x182.png 300w, https:\/\/akhamani.org\/wp-content\/uploads\/2020\/11\/125400629_704570766830886_1898938046653627617_n-16x10.png 16w, https:\/\/akhamani.org\/wp-content\/uploads\/2020\/11\/125400629_704570766830886_1898938046653627617_n-350x212.png 350w\" sizes=\"auto, (max-width: 704px) 100vw, 704px\" \/><\/figure><div class=\"wp-block-media-text__content\">\n<p>Akhamani a rejoint le Lovon Lama Shagdarsuren Baynjargal dans son engagement \u00e0 ramener ce site sacr\u00e9, class\u00e9 par l'UNESCO, \u00e0 son \u00e9tat d'origine. Akhamani aide ainsi la poursuite de la restauration du monast\u00e8re de Tuvkhun. <\/p>\n<\/div><\/div>\n\n\n\n<p>Pour en savoir plus sur le monast\u00e8re, veuillez consulter la <a href=\"https:\/\/akhamani.org\/fr\/tuvkhun-monastery\/\">Tuvkhun Monast\u00e8re<\/a> la page<\/p>\n\n\n\n<h2 class=\"wp-block-heading\">Shankh Monastery Assistance<\/h2>\n\n\n\n<div class=\"wp-block-media-text alignwide is-stacked-on-mobile\"><figure class=\"wp-block-media-text__media\"><img loading=\"lazy\" decoding=\"async\" width=\"1024\" height=\"629\" src=\"https:\/\/akhamani.org\/wp-content\/uploads\/2025\/05\/shank_monastery_6-1024x629.jpeg\" alt=\"Shank monastery 6\" class=\"wp-image-4267 size-full\" srcset=\"https:\/\/akhamani.org\/wp-content\/uploads\/2025\/05\/shank_monastery_6-1024x629.jpeg 1024w, https:\/\/akhamani.org\/wp-content\/uploads\/2025\/05\/shank_monastery_6-300x184.jpeg 300w, https:\/\/akhamani.org\/wp-content\/uploads\/2025\/05\/shank_monastery_6-768x472.jpeg 768w, https:\/\/akhamani.org\/wp-content\/uploads\/2025\/05\/shank_monastery_6-50x31.jpeg 50w, https:\/\/akhamani.org\/wp-content\/uploads\/2025\/05\/shank_monastery_6-18x12.jpeg 18w, https:\/\/akhamani.org\/wp-content\/uploads\/2025\/05\/shank_monastery_6-350x215.jpeg 350w, https:\/\/akhamani.org\/wp-content\/uploads\/2025\/05\/shank_monastery_6.jpeg 1134w\" sizes=\"auto, (max-width: 706px) 89vw, (max-width: 767px) 82vw, 740px\" \/><\/figure><div class=\"wp-block-media-text__content\">\n<p>Shankh is one of the oldest and most important monasteries of Mongolia. It was founded in 1647 by Zanabazar and built at the same time as the Tuvkhun Monastery. It belongs to the Yellow Hat Sect, \u201cGelugpa\u201d, which is a school of Tibetan Buddhism. <br>Akhamani aims to support essential resoration efforts and provide necessary assistance to the monks and local communities. <\/p>\n<\/div><\/div>\n\n\n\n<p>Pour en savoir plus sur le monast\u00e8re, veuillez consulter la <a href=\"https:\/\/akhamani.org\/fr\/shankh-monastery\/\" title=\"Shankh Monastery\">Shankh Monastery<\/a> la page<\/p>\n\n\n\n<h2 class=\"wp-block-heading\">Educayotl AC \"Eduquer pour le futur avec la sagesse du pass\u00e9\".<\/h2>\n\n\n\n<div class=\"wp-block-media-text alignwide is-stacked-on-mobile\"><figure class=\"wp-block-media-text__media\"><img loading=\"lazy\" decoding=\"async\" width=\"258\" height=\"276\" src=\"https:\/\/akhamani.org\/wp-content\/uploads\/2020\/12\/EducayotlMarin.png\" alt=\"\" class=\"wp-image-1295 size-full\" srcset=\"https:\/\/akhamani.org\/wp-content\/uploads\/2020\/12\/EducayotlMarin.png 258w, https:\/\/akhamani.org\/wp-content\/uploads\/2020\/12\/EducayotlMarin-11x12.png 11w\" sizes=\"auto, (max-width: 258px) 100vw, 258px\" \/><\/figure><div class=\"wp-block-media-text__content\">\n<p>L'intention d'Akhamani est d'aider \u00e0 promouvoir le projet Educayotl AC. Ce projet \u00e9tudie, promeut et diffuse l'histoire, la philosophie et la culture ancestrale des Anahuac, en particulier des Toltec\u00e1yotl. Bien qu'ils se concentrent particuli\u00e8rement sur les communaut\u00e9s indig\u00e8nes de Oaxaca, au Mexique, ils ont \u00e9galement ouvert leurs activit\u00e9s \u00e0 toutes les personnes et institutions, publiques ou priv\u00e9es, qui souhaitent travailler sur la m\u00e9moire historique et l'identit\u00e9 culturelle ancestrale des Anahuac, au Mexique ou \u00e0 l'\u00e9tranger.<\/p>\n<\/div><\/div>\n\n\n\n<p>Pour en savoir plus sur ce projet, visitez la <a href=\"https:\/\/akhamani.org\/fr\/educayotl-ac-educate-for-the-future-with-the-wisdom-of-the-past\/\" data-type=\"page\" data-id=\"1287\">Educayotl AC \u00ab\u00e9duquer avec la sagesse du pass\u00e9\u00bb<\/a><\/p>\n\n\n\n<div style=\"height:26px\" aria-hidden=\"true\" class=\"wp-block-spacer\"><\/div>\n\n\n\n<div class=\"wp-block-group\"><div class=\"wp-block-group__inner-container is-layout-flow wp-block-group-is-layout-flow\">\n<h2 class=\"wp-block-heading\"><br><strong>Dons<\/strong><\/h2>\n\n\n\n<p>Vous pouvez apporter une aide directe aux communaut\u00e9s ancestrales et aux populations vuln\u00e9rables du monde entier en faisant un don. Tous les dons sont pris en compte\u00a0<strong>des d\u00e9ductions fiscales pour les \u0153uvres de bienfaisance dans tous les pays europ\u00e9ens, aux \u00c9tats-Unis et dans d'autres parties du monde.<\/strong> <\/p>\n\n\n\n<p>Quand vous soutenez Akhamani, vous contribuez \u00e0 aider des populations, des cultures, des savoirs et des lieux qui tendent \u00e0 dispara\u00eetre, et vous cr\u00e9ez un v\u00e9ritable lien qui transcende les fronti\u00e8res. <\/p>\n\n\n\n<p>Veuillez indiquer le montant de votre don ci-dessous et laissez-nous une note pour nous informer du projet auquel votre don est destin\u00e9. Nous vous remercions de votre contribution et de votre soutien !<\/p>\n<\/div><\/div>\n\n\n<div class=\"wdgk_donation_content\">\r\n            <h3>Dons<\/h3>\r\n        \r\n    <div class=\"wdgk_display_option\"> \r\n        <span>\u20ac<\/span>\r\n        <input type=\"text\" name=\"donation-price\" class=\"wdgk_donation\" placeholder=\"Ex. 100\" value=\"\" >\r\n    <\/div>\r\n\r\n    \r\n    <textarea id=\"w3mission\" rows=\"3\" cols=\"20\" placeholder=\"Note\" name=\"donation_note\" class=\"donation_note\"><\/textarea>    <a href=\"javascript:void(0)\" class=\"button wdgk_add_donation\" data-single-dp=\"false\" data-product-id=\"357\" data-product-url=\"https:\/\/akhamani.org\/fr\/cart\/\">\r\n        Faire un Don    <\/a>\r\n    <input type=\"hidden\" name=\"wdgk_product_id\" value=\"\" class=\"wdgk_product_id\">\r\n    <input type=\"hidden\" name=\"wdgk_ajax_url\" value=\"https:\/\/akhamani.org\/wp-admin\/admin-ajax.php\" class=\"wdgk_ajax_url\">\r\n    <img decoding=\"async\" src=\"https:\/\/akhamani.org\/wp-content\/plugins\/woo-donations\/assets\/images\/ajax-loader.gif\" alt=\"wdgk loader image\" class=\"wdgk_loader wdgk_loader_img\">\r\n    <div class=\"wdgk_error_front\"><\/div>\r\n<\/div>\r\n\n\n\n\n<p><\/p>\n\n\n\n<div style=\"height:29px\" aria-hidden=\"true\" class=\"wp-block-spacer\"><\/div>\n\n\n\n<p>Pour en savoir plus sur nos activit\u00e9s en g\u00e9n\u00e9ral visitez les pages <a href=\"https:\/\/akhamani.org\/fr\/events\/\" data-type=\"page\" data-id=\"40\">\u00c9v\u00e9nements<\/a> et la <a href=\"https:\/\/akhamani.org\/fr\/events\/gallery-of-actions-and-past-events\/\" data-type=\"page\" data-id=\"56\">Galerie des Actions et \u00c9v\u00e9nements Pass\u00e9es<\/a> . <\/p>","protected":false},"excerpt":{"rendered":"<p>Shared Goals of the Projects: The Wix\u00e1rika Art Gallery: Preserving Heritage Through Art This project aims to establish a community-managed cultural center showcasing the rich artistic traditions of the Wix\u00e1rika nation, while helping to safeguard and promote the continuation of Wix\u00e1rika cultural practices By creating a direct connection between artists and visitors, the project seeks &hellip; <\/p>\n<p class=\"link-more\"><a href=\"https:\/\/akhamani.org\/fr\/projects\/\" class=\"more-link\">Continuer la lecture<span class=\"screen-reader-text\"> de \u00ab Projets \u00bb<\/span><\/a><\/p>","protected":false},"author":4,"featured_media":0,"parent":0,"menu_order":0,"comment_status":"closed","ping_status":"closed","template":"","meta":{"_acf_changed":false,"pmpro_default_level":"","slim_seo":{"title":"Projects - Akhamani","description":"Shared Goals of the Projects: The Wix\u00e1rika Art Gallery: Preserving Heritage Through Art To learn more please visit the&nbsp; The Wix\u00e1rika Art Gallery page. Toge"},"footnotes":""},"class_list":["post-1100","page","type-page","status-publish","hentry","pmpro-has-access"],"acf":[],"_links":{"self":[{"href":"https:\/\/akhamani.org\/fr\/wp-json\/wp\/v2\/pages\/1100","targetHints":{"allow":["GET"]}}],"collection":[{"href":"https:\/\/akhamani.org\/fr\/wp-json\/wp\/v2\/pages"}],"about":[{"href":"https:\/\/akhamani.org\/fr\/wp-json\/wp\/v2\/types\/page"}],"author":[{"embeddable":true,"href":"https:\/\/akhamani.org\/fr\/wp-json\/wp\/v2\/users\/4"}],"replies":[{"embeddable":true,"href":"https:\/\/akhamani.org\/fr\/wp-json\/wp\/v2\/comments?post=1100"}],"version-history":[{"count":41,"href":"https:\/\/akhamani.org\/fr\/wp-json\/wp\/v2\/pages\/1100\/revisions"}],"predecessor-version":[{"id":4325,"href":"https:\/\/akhamani.org\/fr\/wp-json\/wp\/v2\/pages\/1100\/revisions\/4325"}],"wp:attachment":[{"href":"https:\/\/akhamani.org\/fr\/wp-json\/wp\/v2\/media?parent=1100"}],"curies":[{"name":"wp","href":"https:\/\/api.w.org\/{rel}","templated":true}]}}